{"id":3403,"date":"2020-12-02T00:30:24","date_gmt":"2020-12-01T23:30:24","guid":{"rendered":"https:\/\/coimagroup.it\/produits\/"},"modified":"2020-12-02T23:41:20","modified_gmt":"2020-12-02T22:41:20","slug":"produits","status":"publish","type":"page","link":"https:\/\/coimagroup.it\/fr\/produits\/","title":{"rendered":"Produits"},"content":{"rendered":"\t\t<div data-elementor-type=\"wp-page\" data-elementor-id=\"3403\" class=\"elementor elementor-3403 elementor-21\" data-elementor-settings=\"[]\">\n\t\t\t\t\t\t\t<div class=\"elementor-section-wrap\">\n\t\t\t\t\t\t\t<section class=\"elementor-section elementor-top-section elementor-element elementor-element-0ee83b0 elementor-section-boxed elementor-section-height-default elementor-section-height-default\" data-id=\"0ee83b0\" data-element_type=\"section\" data-settings=\"{&quot;background_background&quot;:&quot;classic&quot;}\">\n\t\t\t\t\t\t<div class=\"elementor-container elementor-column-gap-no\">\n\t\t\t\t\t<div class=\"elementor-column elementor-col-100 elementor-top-column elementor-element elementor-element-cb93067\" data-id=\"cb93067\" data-element_type=\"column\">\n\t\t\t<div class=\"elementor-widget-wrap\">\n\t\t\t\t\t\t\t\t\t<\/div>\n\t\t<\/div>\n\t\t\t\t\t\t\t<\/div>\n\t\t<\/section>\n\t\t\t\t<section class=\"elementor-section elementor-top-section elementor-element elementor-element-bb23239 elementor-section-boxed elementor-section-height-default elementor-section-height-default\" data-id=\"bb23239\" data-element_type=\"section\">\n\t\t\t\t\t\t<div class=\"elementor-container elementor-column-gap-default\">\n\t\t\t\t\t<div class=\"elementor-column elementor-col-100 elementor-top-column elementor-element elementor-element-63b7725\" data-id=\"63b7725\" data-element_type=\"column\">\n\t\t\t<div class=\"elementor-widget-wrap elementor-element-populated\">\n\t\t\t\t\t\t\t\t<div class=\"elementor-element elementor-element-2f2543e elementor-widget elementor-widget-woocommerce-breadcrumb\" data-id=\"2f2543e\" data-element_type=\"widget\" data-widget_type=\"woocommerce-breadcrumb.default\">\n\t\t\t\t<div class=\"elementor-widget-container\">\n\t\t\t<nav class=\"woocommerce-breadcrumb\">Accueil<\/nav>\t\t<\/div>\n\t\t\t\t<\/div>\n\t\t\t\t\t<\/div>\n\t\t<\/div>\n\t\t\t\t\t\t\t<\/div>\n\t\t<\/section>\n\t\t\t\t<section class=\"elementor-section elementor-top-section elementor-element elementor-element-31e6bba elementor-section-boxed elementor-section-height-default elementor-section-height-default\" data-id=\"31e6bba\" data-element_type=\"section\" data-settings=\"{&quot;background_background&quot;:&quot;classic&quot;}\">\n\t\t\t\t\t\t<div class=\"elementor-container elementor-column-gap-default\">\n\t\t\t\t\t<div class=\"elementor-column elementor-col-100 elementor-top-column elementor-element elementor-element-fc0d2b9\" data-id=\"fc0d2b9\" data-element_type=\"column\">\n\t\t\t<div class=\"elementor-widget-wrap elementor-element-populated\">\n\t\t\t\t\t\t\t\t<div class=\"elementor-element elementor-element-cf71e00 elementor-widget elementor-widget-text-editor\" data-id=\"cf71e00\" data-element_type=\"widget\" data-widget_type=\"text-editor.default\">\n\t\t\t\t<div class=\"elementor-widget-container\">\n\t\t\t\t\t\t\t\t<p style=\"margin-bottom: 0; text-align: center;\"><span style=\"color: #a32035;\">PRODUITS <\/span><\/p>\n\t\t\t\t\t\t<\/div>\n\t\t\t\t<\/div>\n\t\t\t\t<div class=\"elementor-element elementor-element-291b723 elementor-widget elementor-widget-text-editor\" data-id=\"291b723\" data-element_type=\"widget\" data-widget_type=\"text-editor.default\">\n\t\t\t\t<div class=\"elementor-widget-container\">\n\t\t\t\t\t\t\t\t<p>Nos solutions<\/p>\n\t\t\t\t\t\t<\/div>\n\t\t\t\t<\/div>\n\t\t\t\t\t<\/div>\n\t\t<\/div>\n\t\t\t\t\t\t\t<\/div>\n\t\t<\/section>\n\t\t\t\t<section class=\"elementor-section elementor-top-section elementor-element elementor-element-a502e03 elementor-section-boxed elementor-section-height-default elementor-section-height-default\" data-id=\"a502e03\" data-element_type=\"section\" data-settings=\"{&quot;background_background&quot;:&quot;classic&quot;}\">\n\t\t\t\t\t\t<div class=\"elementor-container elementor-column-gap-default\">\n\t\t\t\t\t<div class=\"elementor-column elementor-col-33 elementor-top-column elementor-element elementor-element-db97d86 elementor-invisible\" data-id=\"db97d86\" data-element_type=\"column\" data-settings=\"{&quot;animation&quot;:&quot;zoomIn&quot;}\">\n\t\t\t<div class=\"elementor-widget-wrap elementor-element-populated\">\n\t\t\t\t\t\t\t\t<div class=\"elementor-element elementor-element-79d5fe0 elementor-widget elementor-widget-image\" data-id=\"79d5fe0\" data-element_type=\"widget\" data-widget_type=\"image.default\">\n\t\t\t\t<div class=\"elementor-widget-container\">\n\t\t\t\t\t\t\t\t\t\t\t\t\t\t\t<img width=\"800\" height=\"655\" src=\"https:\/\/coimagroup.it\/wp-content\/uploads\/2020\/04\/impianti-di-aspirazione.jpg\" class=\"attachment-large size-large\" alt=\"\" loading=\"lazy\" srcset=\"https:\/\/coimagroup.it\/wp-content\/uploads\/2020\/04\/impianti-di-aspirazione.jpg 800w, https:\/\/coimagroup.it\/wp-content\/uploads\/2020\/04\/impianti-di-aspirazione-300x246.jpg 300w, https:\/\/coimagroup.it\/wp-content\/uploads\/2020\/04\/impianti-di-aspirazione-768x629.jpg 768w, https:\/\/coimagroup.it\/wp-content\/uploads\/2020\/04\/impianti-di-aspirazione-600x491.jpg 600w\" sizes=\"(max-width: 800px) 100vw, 800px\" \/>\t\t\t\t\t\t\t\t\t\t\t\t\t\t\t<\/div>\n\t\t\t\t<\/div>\n\t\t\t\t<div class=\"elementor-element elementor-element-089d695 elementor-widget elementor-widget-text-editor\" data-id=\"089d695\" data-element_type=\"widget\" data-widget_type=\"text-editor.default\">\n\t\t\t\t<div class=\"elementor-widget-container\">\n\t\t\t\t\t\t\t\t<p style=\"margin-bottom:5px;text-align: left;\"><span style=\"color: #ffffff;\">Produits<\/span><br \/>\n<span style=\"color: #ffffff;\">Aspiration<\/span><\/p>\n\t\t\t\t\t\t<\/div>\n\t\t\t\t<\/div>\n\t\t\t\t<div class=\"elementor-element elementor-element-2164daa elementor-widget elementor-widget-text-editor\" data-id=\"2164daa\" data-element_type=\"widget\" data-widget_type=\"text-editor.default\">\n\t\t\t\t<div class=\"elementor-widget-container\">\n\t\t\t\t\t\t\t\t<p><span style=\"color: #000000;\"><strong>Sp\u00e9cialistes en aspiration.<\/strong><\/span><\/p>\n<p>Nous fabriquons des installations d\u2019aspiration, de filtration et de stockage&#8230;<\/p>\n\t\t\t\t\t\t<\/div>\n\t\t\t\t<\/div>\n\t\t\t\t<div class=\"elementor-element elementor-element-840b975 elementor-align-center pulsantehome elementor-widget elementor-widget-button\" data-id=\"840b975\" data-element_type=\"widget\" data-widget_type=\"button.default\">\n\t\t\t\t<div class=\"elementor-widget-container\">\n\t\t\t\t\t<div class=\"elementor-button-wrapper\">\n\t\t\t<a href=\"https:\/\/coimagroup.it\/fr\/produits\/produits-aspiracion\/\" class=\"elementor-button-link elementor-button elementor-size-sm\" role=\"button\">\n\t\t\t\t\t\t<span class=\"elementor-button-content-wrapper\">\n\t\t\t\t\t\t<span class=\"elementor-button-icon elementor-align-icon-right\">\n\t\t\t\t<i aria-hidden=\"true\" class=\"far fa-arrow-alt-circle-right\"><\/i>\t\t\t<\/span>\n\t\t\t\t\t\t<span class=\"elementor-button-text\">PRODUITS<\/span>\n\t\t<\/span>\n\t\t\t\t\t<\/a>\n\t\t<\/div>\n\t\t\t\t<\/div>\n\t\t\t\t<\/div>\n\t\t\t\t\t<\/div>\n\t\t<\/div>\n\t\t\t\t<div class=\"elementor-column elementor-col-33 elementor-top-column elementor-element elementor-element-43bd73c elementor-invisible\" data-id=\"43bd73c\" data-element_type=\"column\" data-settings=\"{&quot;animation&quot;:&quot;zoomIn&quot;}\">\n\t\t\t<div class=\"elementor-widget-wrap elementor-element-populated\">\n\t\t\t\t\t\t\t\t<div class=\"elementor-element elementor-element-951d22a elementor-widget elementor-widget-image\" data-id=\"951d22a\" data-element_type=\"widget\" data-widget_type=\"image.default\">\n\t\t\t\t<div class=\"elementor-widget-container\">\n\t\t\t\t\t\t\t\t\t\t\t\t\t\t\t<img width=\"800\" height=\"655\" src=\"https:\/\/coimagroup.it\/wp-content\/uploads\/2020\/04\/impianti-di-verniciatura.jpg\" class=\"attachment-large size-large\" alt=\"\" loading=\"lazy\" srcset=\"https:\/\/coimagroup.it\/wp-content\/uploads\/2020\/04\/impianti-di-verniciatura.jpg 800w, https:\/\/coimagroup.it\/wp-content\/uploads\/2020\/04\/impianti-di-verniciatura-300x246.jpg 300w, https:\/\/coimagroup.it\/wp-content\/uploads\/2020\/04\/impianti-di-verniciatura-768x629.jpg 768w, https:\/\/coimagroup.it\/wp-content\/uploads\/2020\/04\/impianti-di-verniciatura-600x491.jpg 600w\" sizes=\"(max-width: 800px) 100vw, 800px\" \/>\t\t\t\t\t\t\t\t\t\t\t\t\t\t\t<\/div>\n\t\t\t\t<\/div>\n\t\t\t\t<div class=\"elementor-element elementor-element-eb0c107 elementor-widget elementor-widget-text-editor\" data-id=\"eb0c107\" data-element_type=\"widget\" data-widget_type=\"text-editor.default\">\n\t\t\t\t<div class=\"elementor-widget-container\">\n\t\t\t\t\t\t\t\t<p style=\"margin-bottom: 5px; text-align: left;\"><span style=\"color: #ffffff;\">Produits<\/span><br \/><span style=\"color: #ffffff;\">Peinture<\/span><\/p>\n\t\t\t\t\t\t<\/div>\n\t\t\t\t<\/div>\n\t\t\t\t<div class=\"elementor-element elementor-element-c9f93b6 elementor-widget elementor-widget-text-editor\" data-id=\"c9f93b6\" data-element_type=\"widget\" data-widget_type=\"text-editor.default\">\n\t\t\t\t<div class=\"elementor-widget-container\">\n\t\t\t\t\t\t\t\t<p><span style=\"color: #000000;\"><strong>Sp\u00e9cialistes en peinture.<\/strong><\/span><\/p>\n<p>Nous concevons et mettons en place des installations pour la peinture qui vont des\u2026<\/p>\n\t\t\t\t\t\t<\/div>\n\t\t\t\t<\/div>\n\t\t\t\t<div class=\"elementor-element elementor-element-45e316c elementor-align-center pulsantehome elementor-widget elementor-widget-button\" data-id=\"45e316c\" data-element_type=\"widget\" data-widget_type=\"button.default\">\n\t\t\t\t<div class=\"elementor-widget-container\">\n\t\t\t\t\t<div class=\"elementor-button-wrapper\">\n\t\t\t<a href=\"https:\/\/coimagroup.it\/fr\/produits\/installations-et-produits-pour-peinture\/\" class=\"elementor-button-link elementor-button elementor-size-sm\" role=\"button\">\n\t\t\t\t\t\t<span class=\"elementor-button-content-wrapper\">\n\t\t\t\t\t\t<span class=\"elementor-button-icon elementor-align-icon-right\">\n\t\t\t\t<i aria-hidden=\"true\" class=\"far fa-arrow-alt-circle-right\"><\/i>\t\t\t<\/span>\n\t\t\t\t\t\t<span class=\"elementor-button-text\">PRODUITS<\/span>\n\t\t<\/span>\n\t\t\t\t\t<\/a>\n\t\t<\/div>\n\t\t\t\t<\/div>\n\t\t\t\t<\/div>\n\t\t\t\t\t<\/div>\n\t\t<\/div>\n\t\t\t\t<div class=\"elementor-column elementor-col-33 elementor-top-column elementor-element elementor-element-bd82888 elementor-invisible\" data-id=\"bd82888\" data-element_type=\"column\" data-settings=\"{&quot;animation&quot;:&quot;zoomIn&quot;}\">\n\t\t\t<div class=\"elementor-widget-wrap elementor-element-populated\">\n\t\t\t\t\t\t\t\t<div class=\"elementor-element elementor-element-02dc71f elementor-widget elementor-widget-image\" data-id=\"02dc71f\" data-element_type=\"widget\" data-widget_type=\"image.default\">\n\t\t\t\t<div class=\"elementor-widget-container\">\n\t\t\t\t\t\t\t\t\t\t\t\t\t\t\t<img width=\"800\" height=\"655\" src=\"https:\/\/coimagroup.it\/wp-content\/uploads\/2020\/04\/impianti-a-biomassa.jpg\" class=\"attachment-large size-large\" alt=\"\" loading=\"lazy\" srcset=\"https:\/\/coimagroup.it\/wp-content\/uploads\/2020\/04\/impianti-a-biomassa.jpg 800w, https:\/\/coimagroup.it\/wp-content\/uploads\/2020\/04\/impianti-a-biomassa-300x246.jpg 300w, https:\/\/coimagroup.it\/wp-content\/uploads\/2020\/04\/impianti-a-biomassa-768x629.jpg 768w, https:\/\/coimagroup.it\/wp-content\/uploads\/2020\/04\/impianti-a-biomassa-600x491.jpg 600w\" sizes=\"(max-width: 800px) 100vw, 800px\" \/>\t\t\t\t\t\t\t\t\t\t\t\t\t\t\t<\/div>\n\t\t\t\t<\/div>\n\t\t\t\t<div class=\"elementor-element elementor-element-56897bd elementor-widget elementor-widget-text-editor\" data-id=\"56897bd\" data-element_type=\"widget\" data-widget_type=\"text-editor.default\">\n\t\t\t\t<div class=\"elementor-widget-container\">\n\t\t\t\t\t\t\t\t<p style=\"margin-bottom: 5px; text-align: left;\"><span style=\"color: #ffffff;\">Impianti a<br \/>Biomasses<\/span><\/p>\n\t\t\t\t\t\t<\/div>\n\t\t\t\t<\/div>\n\t\t\t\t<div class=\"elementor-element elementor-element-7184bc4 elementor-widget elementor-widget-text-editor\" data-id=\"7184bc4\" data-element_type=\"widget\" data-widget_type=\"text-editor.default\">\n\t\t\t\t<div class=\"elementor-widget-container\">\n\t\t\t\t\t\t\t\t<p><span style=\"color: #000000;\"><strong>Sp\u00e9cialistes dans le traitement et la r\u00e9utilisation<\/strong><\/span><br \/>des d\u00e9chets de traitement. Nous concevons, nous r\u00e9alisons&#8230;<\/p>\n\t\t\t\t\t\t<\/div>\n\t\t\t\t<\/div>\n\t\t\t\t<div class=\"elementor-element elementor-element-1a4f027 elementor-align-center pulsantehome elementor-widget elementor-widget-button\" data-id=\"1a4f027\" data-element_type=\"widget\" data-widget_type=\"button.default\">\n\t\t\t\t<div class=\"elementor-widget-container\">\n\t\t\t\t\t<div class=\"elementor-button-wrapper\">\n\t\t\t<a href=\"https:\/\/coimagroup.it\/fr\/produits\/installation-et-produits-pour-biomasses-et-cycle-thermique\/\" class=\"elementor-button-link elementor-button elementor-size-sm\" role=\"button\">\n\t\t\t\t\t\t<span class=\"elementor-button-content-wrapper\">\n\t\t\t\t\t\t<span class=\"elementor-button-icon elementor-align-icon-right\">\n\t\t\t\t<i aria-hidden=\"true\" class=\"far fa-arrow-alt-circle-right\"><\/i>\t\t\t<\/span>\n\t\t\t\t\t\t<span class=\"elementor-button-text\">PRODUITS<\/span>\n\t\t<\/span>\n\t\t\t\t\t<\/a>\n\t\t<\/div>\n\t\t\t\t<\/div>\n\t\t\t\t<\/div>\n\t\t\t\t\t<\/div>\n\t\t<\/div>\n\t\t\t\t\t\t\t<\/div>\n\t\t<\/section>\n\t\t\t\t\t\t<\/div>\n\t\t\t\t\t<\/div>\n\t\t","protected":false},"excerpt":{"rendered":"<p>PRODUITS Nos solutions Produits Aspiration Sp\u00e9cialistes en aspiration. Nous fabriquons des installations d\u2019aspiration, de filtration et de stockage&#8230; PRODUITS ProduitsPeinture Sp\u00e9cialistes en peinture. Nous concevons et mettons en place des installations pour la peinture qui vont des\u2026 PRODUITS Impianti aBiomasses Sp\u00e9cialistes dans le traitement et la r\u00e9utilisationdes d\u00e9chets de traitement. Nous concevons, nous r\u00e9alisons&#8230; PRODUITS<\/p>\n","protected":false},"author":1,"featured_media":0,"parent":0,"menu_order":0,"comment_status":"closed","ping_status":"closed","template":"elementor_header_footer","meta":[],"_links":{"self":[{"href":"https:\/\/coimagroup.it\/fr\/wp-json\/wp\/v2\/pages\/3403"}],"collection":[{"href":"https:\/\/coimagroup.it\/fr\/wp-json\/wp\/v2\/pages"}],"about":[{"href":"https:\/\/coimagroup.it\/fr\/wp-json\/wp\/v2\/types\/page"}],"author":[{"embeddable":true,"href":"https:\/\/coimagroup.it\/fr\/wp-json\/wp\/v2\/users\/1"}],"replies":[{"embeddable":true,"href":"https:\/\/coimagroup.it\/fr\/wp-json\/wp\/v2\/comments?post=3403"}],"version-history":[{"count":2,"href":"https:\/\/coimagroup.it\/fr\/wp-json\/wp\/v2\/pages\/3403\/revisions"}],"predecessor-version":[{"id":3597,"href":"https:\/\/coimagroup.it\/fr\/wp-json\/wp\/v2\/pages\/3403\/revisions\/3597"}],"wp:attachment":[{"href":"https:\/\/coimagroup.it\/fr\/wp-json\/wp\/v2\/media?parent=3403"}],"curies":[{"name":"wp","href":"https:\/\/api.w.org\/{rel}","templated":true}]}}