{"id":3469,"date":"2020-12-02T17:45:15","date_gmt":"2020-12-02T16:45:15","guid":{"rendered":"https:\/\/coimagroup.it\/produits\/installations-et-produits-pour-peinture\/"},"modified":"2020-12-02T23:41:30","modified_gmt":"2020-12-02T22:41:30","slug":"installations-et-produits-pour-peinture","status":"publish","type":"page","link":"https:\/\/coimagroup.it\/fr\/produits\/installations-et-produits-pour-peinture\/","title":{"rendered":"Installations et produits pour peinture"},"content":{"rendered":"\t\t<div data-elementor-type=\"wp-page\" data-elementor-id=\"3469\" class=\"elementor elementor-3469 elementor-847\" data-elementor-settings=\"[]\">\n\t\t\t\t\t\t\t<div class=\"elementor-section-wrap\">\n\t\t\t\t\t\t\t<section class=\"elementor-section elementor-top-section elementor-element elementor-element-0b776a2 elementor-section-boxed elementor-section-height-default elementor-section-height-default\" data-id=\"0b776a2\" data-element_type=\"section\" data-settings=\"{&quot;background_background&quot;:&quot;classic&quot;}\">\n\t\t\t\t\t\t<div class=\"elementor-container elementor-column-gap-no\">\n\t\t\t\t\t<div class=\"elementor-column elementor-col-100 elementor-top-column elementor-element elementor-element-6ff5a26\" data-id=\"6ff5a26\" data-element_type=\"column\">\n\t\t\t<div class=\"elementor-widget-wrap elementor-element-populated\">\n\t\t\t\t\t\t\t\t<div class=\"elementor-element elementor-element-81220fc elementor-widget elementor-widget-heading\" data-id=\"81220fc\" data-element_type=\"widget\" data-widget_type=\"heading.default\">\n\t\t\t\t<div class=\"elementor-widget-container\">\n\t\t\t<h2 class=\"elementor-heading-title elementor-size-default\">Installations et produits pour peinture<\/h2>\t\t<\/div>\n\t\t\t\t<\/div>\n\t\t\t\t<div class=\"elementor-element elementor-element-3d1c0ba elementor-widget elementor-widget-text-editor\" data-id=\"3d1c0ba\" data-element_type=\"widget\" data-widget_type=\"text-editor.default\">\n\t\t\t\t<div class=\"elementor-widget-container\">\n\t\t\t\t\t\t\t\t<p>Sp\u00e9cialistes en peinture. Nous concevons et mettons en place des installations pour la peinture qui vont des parois aspirantes aux installations automatiques et robotis\u00e9es, afin d\u2019am\u00e9liorer la qualit\u00e9 des produits manufactur\u00e9s, tout en prot\u00e9geant les op\u00e9rateurs et l\u2019environnement de travail.<\/p>\n\t\t\t\t\t\t<\/div>\n\t\t\t\t<\/div>\n\t\t\t\t\t<\/div>\n\t\t<\/div>\n\t\t\t\t\t\t\t<\/div>\n\t\t<\/section>\n\t\t\t\t<section class=\"elementor-section elementor-top-section elementor-element elementor-element-178f123 elementor-section-boxed elementor-section-height-default elementor-section-height-default\" data-id=\"178f123\" data-element_type=\"section\">\n\t\t\t\t\t\t<div class=\"elementor-container elementor-column-gap-default\">\n\t\t\t\t\t<div class=\"elementor-column elementor-col-100 elementor-top-column elementor-element elementor-element-9513615\" data-id=\"9513615\" data-element_type=\"column\">\n\t\t\t<div class=\"elementor-widget-wrap elementor-element-populated\">\n\t\t\t\t\t\t\t\t<div class=\"elementor-element elementor-element-1d8ffd3 elementor-widget elementor-widget-woocommerce-breadcrumb\" data-id=\"1d8ffd3\" data-element_type=\"widget\" data-widget_type=\"woocommerce-breadcrumb.default\">\n\t\t\t\t<div class=\"elementor-widget-container\">\n\t\t\t<nav class=\"woocommerce-breadcrumb\">Accueil<\/nav>\t\t<\/div>\n\t\t\t\t<\/div>\n\t\t\t\t<div class=\"elementor-element elementor-element-530d39b elementor-widget elementor-widget-text-editor\" data-id=\"530d39b\" data-element_type=\"widget\" data-widget_type=\"text-editor.default\">\n\t\t\t\t<div class=\"elementor-widget-container\">\n\t\t\t\t\t\t\t\t<h2>Produits pour peinture<\/h2>\n\t\t\t\t\t\t<\/div>\n\t\t\t\t<\/div>\n\t\t\t\t\t<\/div>\n\t\t<\/div>\n\t\t\t\t\t\t\t<\/div>\n\t\t<\/section>\n\t\t\t\t\t\t<\/div>\n\t\t\t\t\t<\/div>\n\t\t","protected":false},"excerpt":{"rendered":"<p>Installations et produits pour peinture Sp\u00e9cialistes en peinture. Nous concevons et mettons en place des installations pour la peinture qui vont des parois aspirantes aux installations automatiques et robotis\u00e9es, afin d\u2019am\u00e9liorer la qualit\u00e9 des produits manufactur\u00e9s, tout en prot\u00e9geant les op\u00e9rateurs et l\u2019environnement de travail. Produits pour peinture<\/p>\n","protected":false},"author":1,"featured_media":0,"parent":3403,"menu_order":0,"comment_status":"closed","ping_status":"closed","template":"elementor_header_footer","meta":[],"_links":{"self":[{"href":"https:\/\/coimagroup.it\/fr\/wp-json\/wp\/v2\/pages\/3469"}],"collection":[{"href":"https:\/\/coimagroup.it\/fr\/wp-json\/wp\/v2\/pages"}],"about":[{"href":"https:\/\/coimagroup.it\/fr\/wp-json\/wp\/v2\/types\/page"}],"author":[{"embeddable":true,"href":"https:\/\/coimagroup.it\/fr\/wp-json\/wp\/v2\/users\/1"}],"replies":[{"embeddable":true,"href":"https:\/\/coimagroup.it\/fr\/wp-json\/wp\/v2\/comments?post=3469"}],"version-history":[{"count":1,"href":"https:\/\/coimagroup.it\/fr\/wp-json\/wp\/v2\/pages\/3469\/revisions"}],"predecessor-version":[{"id":3470,"href":"https:\/\/coimagroup.it\/fr\/wp-json\/wp\/v2\/pages\/3469\/revisions\/3470"}],"up":[{"embeddable":true,"href":"https:\/\/coimagroup.it\/fr\/wp-json\/wp\/v2\/pages\/3403"}],"wp:attachment":[{"href":"https:\/\/coimagroup.it\/fr\/wp-json\/wp\/v2\/media?parent=3469"}],"curies":[{"name":"wp","href":"https:\/\/api.w.org\/{rel}","templated":true}]}}