{"id":3473,"date":"2020-12-02T17:48:09","date_gmt":"2020-12-02T16:48:09","guid":{"rendered":"https:\/\/coimagroup.it\/produits\/installation-et-produits-pour-biomasses-et-cycle-thermique\/"},"modified":"2020-12-02T23:41:38","modified_gmt":"2020-12-02T22:41:38","slug":"installation-et-produits-pour-biomasses-et-cycle-thermique","status":"publish","type":"page","link":"https:\/\/coimagroup.it\/fr\/produits\/installation-et-produits-pour-biomasses-et-cycle-thermique\/","title":{"rendered":"Installation et produits pour biomasses et cycle thermique"},"content":{"rendered":"\t\t<div data-elementor-type=\"wp-page\" data-elementor-id=\"3473\" class=\"elementor elementor-3473 elementor-852\" data-elementor-settings=\"[]\">\n\t\t\t\t\t\t\t<div class=\"elementor-section-wrap\">\n\t\t\t\t\t\t\t<section class=\"elementor-section elementor-top-section elementor-element elementor-element-10a78de elementor-section-boxed elementor-section-height-default elementor-section-height-default\" data-id=\"10a78de\" data-element_type=\"section\" data-settings=\"{&quot;background_background&quot;:&quot;classic&quot;}\">\n\t\t\t\t\t\t<div class=\"elementor-container elementor-column-gap-no\">\n\t\t\t\t\t<div class=\"elementor-column elementor-col-100 elementor-top-column elementor-element elementor-element-c7e8025\" data-id=\"c7e8025\" data-element_type=\"column\">\n\t\t\t<div class=\"elementor-widget-wrap elementor-element-populated\">\n\t\t\t\t\t\t\t\t<div class=\"elementor-element elementor-element-9070488 elementor-widget elementor-widget-heading\" data-id=\"9070488\" data-element_type=\"widget\" data-widget_type=\"heading.default\">\n\t\t\t\t<div class=\"elementor-widget-container\">\n\t\t\t<h2 class=\"elementor-heading-title elementor-size-default\">Installation et produits pour biomasses et cycle thermique<\/h2>\t\t<\/div>\n\t\t\t\t<\/div>\n\t\t\t\t<div class=\"elementor-element elementor-element-a0b1c9e elementor-widget elementor-widget-text-editor\" data-id=\"a0b1c9e\" data-element_type=\"widget\" data-widget_type=\"text-editor.default\">\n\t\t\t\t<div class=\"elementor-widget-container\">\n\t\t\t\t\t\t\t\t<p>Sp\u00e9cialistes dans le traitement et la r\u00e9utilisation des d\u00e9chets de traitement. Nous concevons, nous r\u00e9alisons et nous installons des centrales thermiques \u00e0 biomasse, pour transformer les r\u00e9sidus du traitement du bois en \u00e9nergie, en produisant du chauffage et de l\u2019eau chaude, pour de petites et de grandes puissances.<\/p>\n\t\t\t\t\t\t<\/div>\n\t\t\t\t<\/div>\n\t\t\t\t\t<\/div>\n\t\t<\/div>\n\t\t\t\t\t\t\t<\/div>\n\t\t<\/section>\n\t\t\t\t<section class=\"elementor-section elementor-top-section elementor-element elementor-element-add078e elementor-section-boxed elementor-section-height-default elementor-section-height-default\" data-id=\"add078e\" data-element_type=\"section\">\n\t\t\t\t\t\t<div class=\"elementor-container elementor-column-gap-default\">\n\t\t\t\t\t<div class=\"elementor-column elementor-col-100 elementor-top-column elementor-element elementor-element-8c5e5fc\" data-id=\"8c5e5fc\" data-element_type=\"column\">\n\t\t\t<div class=\"elementor-widget-wrap elementor-element-populated\">\n\t\t\t\t\t\t\t\t<div class=\"elementor-element elementor-element-1ccd247 elementor-widget elementor-widget-woocommerce-breadcrumb\" data-id=\"1ccd247\" data-element_type=\"widget\" data-widget_type=\"woocommerce-breadcrumb.default\">\n\t\t\t\t<div class=\"elementor-widget-container\">\n\t\t\t<nav class=\"woocommerce-breadcrumb\">Accueil<\/nav>\t\t<\/div>\n\t\t\t\t<\/div>\n\t\t\t\t<div class=\"elementor-element elementor-element-99b3fa1 elementor-widget elementor-widget-text-editor\" data-id=\"99b3fa1\" data-element_type=\"widget\" data-widget_type=\"text-editor.default\">\n\t\t\t\t<div class=\"elementor-widget-container\">\n\t\t\t\t\t\t\t\t<h2>Produits pour biomasses<\/h2>\n\t\t\t\t\t\t<\/div>\n\t\t\t\t<\/div>\n\t\t\t\t\t<\/div>\n\t\t<\/div>\n\t\t\t\t\t\t\t<\/div>\n\t\t<\/section>\n\t\t\t\t\t\t<\/div>\n\t\t\t\t\t<\/div>\n\t\t","protected":false},"excerpt":{"rendered":"<p>Installation et produits pour biomasses et cycle thermique Sp\u00e9cialistes dans le traitement et la r\u00e9utilisation des d\u00e9chets de traitement. Nous concevons, nous r\u00e9alisons et nous installons des centrales thermiques \u00e0 biomasse, pour transformer les r\u00e9sidus du traitement du bois en \u00e9nergie, en produisant du chauffage et de l\u2019eau chaude, pour de petites et de grandes &#8230; <a title=\"Installation et produits pour biomasses et cycle thermique\" class=\"read-more\" href=\"https:\/\/coimagroup.it\/fr\/produits\/installation-et-produits-pour-biomasses-et-cycle-thermique\/\" aria-label=\"Plus sur Installation et produits pour biomasses et cycle thermique\">Lire plus<\/a><\/p>\n","protected":false},"author":1,"featured_media":0,"parent":3403,"menu_order":0,"comment_status":"closed","ping_status":"closed","template":"elementor_header_footer","meta":[],"_links":{"self":[{"href":"https:\/\/coimagroup.it\/fr\/wp-json\/wp\/v2\/pages\/3473"}],"collection":[{"href":"https:\/\/coimagroup.it\/fr\/wp-json\/wp\/v2\/pages"}],"about":[{"href":"https:\/\/coimagroup.it\/fr\/wp-json\/wp\/v2\/types\/page"}],"author":[{"embeddable":true,"href":"https:\/\/coimagroup.it\/fr\/wp-json\/wp\/v2\/users\/1"}],"replies":[{"embeddable":true,"href":"https:\/\/coimagroup.it\/fr\/wp-json\/wp\/v2\/comments?post=3473"}],"version-history":[{"count":1,"href":"https:\/\/coimagroup.it\/fr\/wp-json\/wp\/v2\/pages\/3473\/revisions"}],"predecessor-version":[{"id":3474,"href":"https:\/\/coimagroup.it\/fr\/wp-json\/wp\/v2\/pages\/3473\/revisions\/3474"}],"up":[{"embeddable":true,"href":"https:\/\/coimagroup.it\/fr\/wp-json\/wp\/v2\/pages\/3403"}],"wp:attachment":[{"href":"https:\/\/coimagroup.it\/fr\/wp-json\/wp\/v2\/media?parent=3473"}],"curies":[{"name":"wp","href":"https:\/\/api.w.org\/{rel}","templated":true}]}}