{"id":1510,"date":"2020-07-02T12:31:18","date_gmt":"2020-07-02T10:52:19","guid":{"rendered":"https:\/\/coimagroup.it\/prodotto\/tvb\/"},"modified":"2020-07-02T12:52:19","modified_gmt":"2020-07-02T10:52:19","slug":"tvb","status":"publish","type":"product","link":"https:\/\/coimagroup.it\/fr\/prodotto\/tvb\/","title":{"rendered":"TVB"},"content":{"rendered":"<p>Filtre \u00e0 manchons, ayant une structure et un car\u00e9nage en acier galvanis\u00e9, pour les installations \u00e0 l\u2019int\u00e9rieur (lorsque c\u2019est permis) ou \u00e0 l\u2019air libre. Id\u00e9al pour la filtration de particules \u00e0 granulom\u00e9trie moyenne-fine.<br \/>\n<strong>Syst\u00e8me de nettoyage par secousses<\/strong> \u00e9lectrom\u00e9canique \u00e0 l\u2019aide d\u2019excentriques motoris\u00e9s.<br \/>\n\u00c9quip\u00e9 de portillon d\u2019inspection de grande dimension afin de faciliter les op\u00e9rations de maintenance.<br \/>D\u00e9chargement direct dans la virole de contention de n\u2019importe quelle briqueteuse (presse \u00e0 briquettes) standard install\u00e9e en dessous de la batterie filtrante, avec <strong>raccords r\u00e9alis\u00e9s sur mesure<\/strong> selon le mod\u00e8le de la presse utilis\u00e9e, avec <strong>d\u00e9montage ais\u00e9<\/strong> pour les op\u00e9rations d\u2019entretien de la presse.<\/p>\n<p>Mod\u00e8les de 5.000 \u00e0 12.000 m3\/h de d\u00e9bit d\u2019air trait\u00e9.<\/p>\n","protected":false},"excerpt":{"rendered":"<p>Filtre pour briqueteuses<\/p>\n","protected":false},"featured_media":2650,"comment_status":"closed","ping_status":"closed","template":"","meta":[],"_links":{"self":[{"href":"https:\/\/coimagroup.it\/fr\/wp-json\/wp\/v2\/product\/1510"}],"collection":[{"href":"https:\/\/coimagroup.it\/fr\/wp-json\/wp\/v2\/product"}],"about":[{"href":"https:\/\/coimagroup.it\/fr\/wp-json\/wp\/v2\/types\/product"}],"replies":[{"embeddable":true,"href":"https:\/\/coimagroup.it\/fr\/wp-json\/wp\/v2\/comments?post=1510"}],"wp:featuredmedia":[{"embeddable":true,"href":"https:\/\/coimagroup.it\/fr\/wp-json\/wp\/v2\/media\/2650"}],"wp:attachment":[{"href":"https:\/\/coimagroup.it\/fr\/wp-json\/wp\/v2\/media?parent=1510"}],"curies":[{"name":"wp","href":"https:\/\/api.w.org\/{rel}","templated":true}]}}