{"id":1511,"date":"2020-07-02T12:31:18","date_gmt":"2020-07-02T10:52:19","guid":{"rendered":"https:\/\/coimagroup.it\/prodotto\/cyc\/"},"modified":"2021-09-24T11:49:23","modified_gmt":"2021-09-24T09:49:23","slug":"cyc","status":"publish","type":"product","link":"https:\/\/coimagroup.it\/fr\/prodotto\/cyc\/","title":{"rendered":"S\u00e9parateur centrifuge"},"content":{"rendered":"<p>S\u00e9parateurs de poussi\u00e8res centrifuges, id\u00e9aux pour<br \/>\nfiltrer des particules de dimensions moyennes \u00e0<br \/>\ngrosses. La filtration des particules est obtenue par la force centrifuge due au mouvement en spirale qui est impos\u00e9 au fluide trait\u00e9 lors de son passage; les particules, ayant une inertie plus grande que le gaz, auront tendance \u00e0 frapper les parois du cylindre le plus ext\u00e9rieur et \u00e0 tomber au fond du c\u00f4ne, o\u00f9 se trouve une tr\u00e9mie de r\u00e9cup\u00e9ration.<br \/>\nLes particules sont rejet\u00e9es dans un conteneur<br \/>\nscell\u00e9 sur roues ou par gravit\u00e9 \u00e0 travers une \u00e9cluse<br \/>\nrotative. Le cyclone est soutenu par des blocs d\u2019acier<br \/>\nou \u00e9ventuellement par un support sur mesure, par<br \/>\nexemple pour une installation sur un silo existant ou<br \/>\nvidange sur une benne ouverte. Les configurations<br \/>\npropos\u00e9es pr\u00e9voient l\u2019utilisation du cyclone en<br \/>\nd\u00e9pression et donc le positionnement de l\u2019aspirateur<br \/>\nen aval de la filtration (dans l\u2019air propre). Egalement<br \/>\ndisponible dans une version efficacit\u00e9 sup\u00e9rieure (en<br \/>\ncas de filtration de particules plus fines).<\/p>\n<p>NOTES : Support pour vidange en benne ouverte<br \/>\nsur demande.<\/p>\n","protected":false},"excerpt":{"rendered":"<p>CYC<\/p>\n","protected":false},"featured_media":2797,"comment_status":"closed","ping_status":"closed","template":"","meta":[],"_links":{"self":[{"href":"https:\/\/coimagroup.it\/fr\/wp-json\/wp\/v2\/product\/1511"}],"collection":[{"href":"https:\/\/coimagroup.it\/fr\/wp-json\/wp\/v2\/product"}],"about":[{"href":"https:\/\/coimagroup.it\/fr\/wp-json\/wp\/v2\/types\/product"}],"replies":[{"embeddable":true,"href":"https:\/\/coimagroup.it\/fr\/wp-json\/wp\/v2\/comments?post=1511"}],"wp:featuredmedia":[{"embeddable":true,"href":"https:\/\/coimagroup.it\/fr\/wp-json\/wp\/v2\/media\/2797"}],"wp:attachment":[{"href":"https:\/\/coimagroup.it\/fr\/wp-json\/wp\/v2\/media?parent=1511"}],"curies":[{"name":"wp","href":"https:\/\/api.w.org\/{rel}","templated":true}]}}