{"id":1512,"date":"2020-07-02T12:31:18","date_gmt":"2020-07-02T10:52:19","guid":{"rendered":"https:\/\/coimagroup.it\/prodotto\/fva\/"},"modified":"2020-07-02T12:52:20","modified_gmt":"2020-07-02T10:52:20","slug":"fva","status":"publish","type":"product","link":"https:\/\/coimagroup.it\/fr\/prodotto\/fva\/","title":{"rendered":"FVA"},"content":{"rendered":"<p>Filtre \u00e0 manchons, avec structure en t\u00f4le d\u2019acier galvanis\u00e9 et sans car\u00e8ne, pour des installations \u00e0 l\u2019int\u00e9rieur (lorsque cela est permis) ou dans tous les cas \u00e0 couvert. Id\u00e9al pour la filtration de particules \u00e0 granulom\u00e9trie moyenne-fine.<br \/>\n<strong>Syst\u00e8me de nettoyage par secouage<\/strong> \u00e9lectrom\u00e9canique \u00e0 l\u2019aide d\u2019excentriques motoris\u00e9s.<br \/>\nD\u00e9chargement dans des sacs en plastique de taille standard.<br \/>Support sur jambes ou, \u00e9ventuellement, pour le mod\u00e8le le plus petit, sur chariot \u00e0 roulettes.<\/p>\n<p>Mod\u00e8les de 3.000 \u00e0 22.000 m3\/h de d\u00e9bit d\u2019air trait\u00e9.<\/p>\n","protected":false},"excerpt":{"rendered":"<p>Filtre \u00e0 sachets ouvert<\/p>\n","protected":false},"featured_media":1126,"comment_status":"closed","ping_status":"closed","template":"","meta":[],"_links":{"self":[{"href":"https:\/\/coimagroup.it\/fr\/wp-json\/wp\/v2\/product\/1512"}],"collection":[{"href":"https:\/\/coimagroup.it\/fr\/wp-json\/wp\/v2\/product"}],"about":[{"href":"https:\/\/coimagroup.it\/fr\/wp-json\/wp\/v2\/types\/product"}],"replies":[{"embeddable":true,"href":"https:\/\/coimagroup.it\/fr\/wp-json\/wp\/v2\/comments?post=1512"}],"wp:featuredmedia":[{"embeddable":true,"href":"https:\/\/coimagroup.it\/fr\/wp-json\/wp\/v2\/media\/1126"}],"wp:attachment":[{"href":"https:\/\/coimagroup.it\/fr\/wp-json\/wp\/v2\/media?parent=1512"}],"curies":[{"name":"wp","href":"https:\/\/api.w.org\/{rel}","templated":true}]}}