{"id":1513,"date":"2020-07-02T12:31:18","date_gmt":"2020-07-02T10:52:19","guid":{"rendered":"https:\/\/coimagroup.it\/prodotto\/fvc\/"},"modified":"2020-07-02T12:52:21","modified_gmt":"2020-07-02T10:52:21","slug":"fvc","status":"publish","type":"product","link":"https:\/\/coimagroup.it\/fr\/prodotto\/fvc\/","title":{"rendered":"FVC"},"content":{"rendered":"<p>Filtre \u00e0 manchons, ayant une structure et un car\u00e9nage en acier galvanis\u00e9, pour les installations \u00e0 l\u2019int\u00e9rieur (lorsque c\u2019est permis) ou \u00e0 l\u2019air libre. Id\u00e9al pour la filtration de particules \u00e0 granulom\u00e9trie moyenne-fine.<br \/>\n<strong>Syst\u00e8me de nettoyage par secouage<\/strong> \u00e9lectrom\u00e9canique, \u00e0 l\u2019aide d\u2019excentriques motoris\u00e9s.<br \/>\n\u00c9quip\u00e9 d\u2019un portillon d\u2019inspection de grandes dimensions, afin de faciliter les op\u00e9rations d\u2019entretien.<br \/>D\u00e9chargement dans des sacs en plastique de taille standard.<\/p>\n<p>Mod\u00e8les de 3.000 \u00e0 22.000 m3\/h de d\u00e9bit d\u2019air trait\u00e9.<\/p>\n","protected":false},"excerpt":{"rendered":"<p>Filtre car\u00e9n\u00e9 \u00e0 sachets<\/p>\n","protected":false},"featured_media":1132,"comment_status":"closed","ping_status":"closed","template":"","meta":[],"_links":{"self":[{"href":"https:\/\/coimagroup.it\/fr\/wp-json\/wp\/v2\/product\/1513"}],"collection":[{"href":"https:\/\/coimagroup.it\/fr\/wp-json\/wp\/v2\/product"}],"about":[{"href":"https:\/\/coimagroup.it\/fr\/wp-json\/wp\/v2\/types\/product"}],"replies":[{"embeddable":true,"href":"https:\/\/coimagroup.it\/fr\/wp-json\/wp\/v2\/comments?post=1513"}],"wp:featuredmedia":[{"embeddable":true,"href":"https:\/\/coimagroup.it\/fr\/wp-json\/wp\/v2\/media\/1132"}],"wp:attachment":[{"href":"https:\/\/coimagroup.it\/fr\/wp-json\/wp\/v2\/media?parent=1513"}],"curies":[{"name":"wp","href":"https:\/\/api.w.org\/{rel}","templated":true}]}}