{"id":1514,"date":"2020-07-02T12:31:18","date_gmt":"2020-07-02T10:52:19","guid":{"rendered":"https:\/\/coimagroup.it\/prodotto\/fi4000\/"},"modified":"2021-09-24T11:49:24","modified_gmt":"2021-09-24T09:49:24","slug":"filtres-dinterieur","status":"publish","type":"product","link":"https:\/\/coimagroup.it\/fr\/prodotto\/filtres-dinterieur\/","title":{"rendered":"Filtres d\u2019int\u00e9rieur compacts, \u00e9l\u00e9gants et silencieux"},"content":{"rendered":"<p>Fiables, silencieux et faciles \u00e0 installer et utiliser, notre ligne de filtres compacts a \u00e9t\u00e9 optimis\u00e9e pour fournir un maximum d\u2019efficacit\u00e9 dans un encombrement minimum. La s\u00e9rie F est adapt\u00e9e \u00e0 l\u2019aspiration de copeaux et poussi\u00e8res de diff\u00e9rentes natures.<br \/>\nL\u2019unit\u00e9 est construite en panneaux d\u2019acier galvanis\u00e9 et peint, elle est \u00e9quip\u00e9e de:<br \/>\n&#8211; vanne anti-retour (non certifi\u00e9e) pour \u00e9viter le retour de pression vers l\u2019atelier;<br \/>\n&#8211; filtres \u00e0 cartouche (270 gr.\/m2) en polyester \u00e0 haute densit\u00e9;<br \/>\n&#8211; syst\u00e8me de nettoyage des filtres manuel par jets d\u2019air comprim\u00e9 en contre-courant;<br \/>\n&#8211; ventilateur centrifuge \u00e0 pales invers\u00e9es \u00e0 haut rendement, install\u00e9 en air propre \u00e0 l\u2019int\u00e9rieur de l\u2019unit\u00e9 filtrante et insonoris\u00e9e: il permet d\u2019atteindre des valeurs de d\u00e9pression sup\u00e9rieurs aux autres filtres pr\u00e9sents sur le march\u00e9 tout en maintenant un niveau de bruit extr\u00eamement bas;<br \/>\n&#8211; vidange en continu des d\u00e9chets dans des bacs m\u00e9talliques avec hublot pour le contr\u00f4le du niveau de remplissage.<\/p>\n<p>NOTES: Ce filtre est concu en conformit\u00e9 a la norme 16770:2018<\/p>\n","protected":false},"excerpt":{"rendered":"<p>F140 &#8211; F200<\/p>\n","protected":false},"featured_media":2832,"comment_status":"closed","ping_status":"closed","template":"","meta":[],"_links":{"self":[{"href":"https:\/\/coimagroup.it\/fr\/wp-json\/wp\/v2\/product\/1514"}],"collection":[{"href":"https:\/\/coimagroup.it\/fr\/wp-json\/wp\/v2\/product"}],"about":[{"href":"https:\/\/coimagroup.it\/fr\/wp-json\/wp\/v2\/types\/product"}],"replies":[{"embeddable":true,"href":"https:\/\/coimagroup.it\/fr\/wp-json\/wp\/v2\/comments?post=1514"}],"wp:featuredmedia":[{"embeddable":true,"href":"https:\/\/coimagroup.it\/fr\/wp-json\/wp\/v2\/media\/2832"}],"wp:attachment":[{"href":"https:\/\/coimagroup.it\/fr\/wp-json\/wp\/v2\/media?parent=1514"}],"curies":[{"name":"wp","href":"https:\/\/api.w.org\/{rel}","templated":true}]}}