{"id":1515,"date":"2020-07-02T12:31:18","date_gmt":"2020-07-02T10:52:19","guid":{"rendered":"https:\/\/coimagroup.it\/prodotto\/fi6000\/"},"modified":"2021-09-24T11:49:24","modified_gmt":"2021-09-24T09:49:24","slug":"filtres-dinterieur-prepare-pour-la-presse-a-briquettes","status":"publish","type":"product","link":"https:\/\/coimagroup.it\/fr\/prodotto\/filtres-dinterieur-prepare-pour-la-presse-a-briquettes\/","title":{"rendered":"Filtres d\u2019int\u00e9rieur pr\u00e9par\u00e9 pour la presse \u00e0 briquettes"},"content":{"rendered":"<p>Fiables, silencieux et faciles \u00e0 installer et utiliser, notre ligne de filtres compacts a \u00e9t\u00e9 optimis\u00e9e pour fournir un maximum d\u2019efficacit\u00e9 dans un encombrement minimum. La s\u00e9rie F est adapt\u00e9e \u00e0 l\u2019aspiration de copeaux et poussi\u00e8res de diff\u00e9rentes natures, id\u00e9ale pour la filtration de particules \u00e0 granulom\u00e9trie moyenne-fine, adapte pour installation soit \u00e0 l\u2019int\u00e9rieur (v\u00e9rifier la norme nationale dans ce cas) qu\u2019\u00e0 l\u2019ext\u00e9rieur des ateliers. Con\u00e7us pour travailler en d\u00e9pression, ils permettent d\u2019atteindre des valeurs de d\u00e9pression sup\u00e9rieurs aux autres filtres pr\u00e9sents sur le march\u00e9, tout en maintenant un niveau de bruit extr\u00eamement bas.<br \/>\nL\u2019unit\u00e9 est construite en panneaux d\u2019acier galvanis\u00e9 et peint, elle est \u00e9quip\u00e9e de:<br \/>\n&#8211; chambre de d\u00e9cantation, pour ralentir l\u2019air \u00e0 l\u2019entr\u00e9e du filtre et \u00e9viter que des freintes puissent frapper les filtres, en en augmentant par cons\u00e9quent la long\u00e9vit\u00e9;<br \/>\n&#8211; vanne anti-retour (non certifi\u00e9e) pour \u00e9viter le retour de pression vers l\u2019atelier;<br \/>\n&#8211; manches filtrantes (500 gr\/m) ou cartouches (270 gr\/m\u00b2), selon le mod\u00e8le, en polyester antistatique \u00e0 haute densit\u00e9;<br \/>\n&#8211; nettoyage des manches par des jets d\u2019air comprim\u00e9 \u00e0 contre-courant, puls\u00e9s pendant le fonctionnement de l\u2019aspiration;<br \/>\n&#8211; ventilateur centrifuge certifi\u00e9 \u00e0 pales invers\u00e9es \u00e0 haut rendement, install\u00e9 en air propre et insonoris\u00e9;<br \/>\n&#8211; syst\u00e8me anti-incendie \u00e0 raccorder au circuit d\u2019eau avec sprinklers \u00e0 l\u2019int\u00e9rieur du filtre;<br \/>\n&#8211; vidange en continu dans une tr\u00e9mie de stockage interm\u00e9diaire avec hublot et porte d\u2019inspection;<br \/>\n-presse a briquette positionn\u00e9e au-dessous du filtre, dot\u00e9e de sonde de niveau pour le d\u00e9marrage\/arr\u00eat automatique, vidange du v\u00e9rin en fin de cycle, pr\u00e9chauffage pour fonctionnement en ext\u00e9rieur, r\u00e9gulation automatique du chargement du mat\u00e9riel, armoire \u00e9lectrique PLC a \u00e9cran tactile. <\/p>\n<p>La version ATEX comprend:<br \/>\n&#8211; ventilateur certifi\u00e9 ATEX II 3D;<br \/>\n&#8211; manches filtrantes (ou cartouches) en polyester<br \/>\nantistatique ATEX;<br \/>\n&#8211; un \u00e9vent anti-explosion avec sonde de d\u00e9tection de rupture.<\/p>\n","protected":false},"excerpt":{"rendered":"<p>FB250-FB320-FB380-FB450<\/p>\n","protected":false},"featured_media":2636,"comment_status":"closed","ping_status":"closed","template":"","meta":[],"_links":{"self":[{"href":"https:\/\/coimagroup.it\/fr\/wp-json\/wp\/v2\/product\/1515"}],"collection":[{"href":"https:\/\/coimagroup.it\/fr\/wp-json\/wp\/v2\/product"}],"about":[{"href":"https:\/\/coimagroup.it\/fr\/wp-json\/wp\/v2\/types\/product"}],"replies":[{"embeddable":true,"href":"https:\/\/coimagroup.it\/fr\/wp-json\/wp\/v2\/comments?post=1515"}],"wp:featuredmedia":[{"embeddable":true,"href":"https:\/\/coimagroup.it\/fr\/wp-json\/wp\/v2\/media\/2636"}],"wp:attachment":[{"href":"https:\/\/coimagroup.it\/fr\/wp-json\/wp\/v2\/media?parent=1515"}],"curies":[{"name":"wp","href":"https:\/\/api.w.org\/{rel}","templated":true}]}}