{"id":1516,"date":"2020-07-02T12:31:18","date_gmt":"2020-07-02T10:52:19","guid":{"rendered":"https:\/\/coimagroup.it\/prodotto\/fi10000\/"},"modified":"2021-09-24T11:49:25","modified_gmt":"2021-09-24T09:49:25","slug":"filtres-dinterieur-version-avec-bacs","status":"publish","type":"product","link":"https:\/\/coimagroup.it\/fr\/prodotto\/filtres-dinterieur-version-avec-bacs\/","title":{"rendered":"Filtres d\u2019int\u00e9rieur &#8211; version avec bacs"},"content":{"rendered":"<p>Fiables, silencieux et faciles \u00e0 installer et utiliser, notre ligne de filtres compacts a \u00e9t\u00e9 optimis\u00e9e pour fournir un maximum d\u2019efficacit\u00e9 dans un encombrement minimum. La s\u00e9rie F est adapt\u00e9e \u00e0 l\u2019aspiration de copeaux et poussi\u00e8res de diff\u00e9rentes natures, id\u00e9ale pour la filtration de particules \u00e0 granulom\u00e9trie moyenne-fine, adapte pour installation soit \u00e0 l\u2019int\u00e9rieur (v\u00e9rifier la norme nationale dans ce cas) qu\u2019\u00e0 l\u2019ext\u00e9rieur des ateliers. Con\u00e7us pour travailler en d\u00e9pression, ils permettent d\u2019atteindre des valeurs de d\u00e9pression sup\u00e9rieures aux autres filtres pr\u00e9sents sur le march\u00e9, tout en maintenant un niveau de bruit extr\u00eamement bas.<br \/>\nL\u2019unit\u00e9 est construite en panneaux d\u2019acier galvanis\u00e9 et peint, elle est \u00e9quip\u00e9e de:<br \/>\n&#8211; chambre de d\u00e9cantation, pour ralentir l\u2019air \u00e0 l\u2019entr\u00e9e du filtre et \u00e9viter que des freintes puissent frapper les filtres, en en augmentant par cons\u00e9quent la long\u00e9vit\u00e9;<br \/>\n&#8211; vanne anti-retour (non certifi\u00e9e) pour \u00e9viter le retour de pression vers l\u2019atelier;<br \/>\n&#8211; manches filtrantes (500 gr\/m) ou cartouches (270 gr\/m\u00b2), selon le mod\u00e8le, en polyester antistatique \u00e0 haute densit\u00e9;<br \/>\n&#8211; nettoyage des manches par des jets d\u2019air comprim\u00e9 \u00e0 contre-courant, puls\u00e9s pendant le fonctionnement de l\u2019aspiration;<br \/>\n&#8211; ventilateur centrifuge \u00e0 pales invers\u00e9es \u00e0 haut rendement, install\u00e9 en air propre et insonoris\u00e9;<br \/>\n&#8211; vidange des d\u00e9chets dans des bacs m\u00e9talliques avec hublot pour le contr\u00f4le du niveau de remplissage;<\/p>\n<p>La version ATEX comprend:<br \/>\n&#8211; ventilateur certifi\u00e9 ATEX II 3D;<br \/>\n&#8211; manches filtrantes (ou cartouches) en polyester antistatique ATEX;<br \/>\n&#8211; un \u00e9vent anti-explosion avec sonde de d\u00e9tection de rupture.<\/p>\n<p>NOTES: Il n\u2019est pas possible de garantir le remplissage homog\u00e8ne des bacs. Il ne faut pas remplir les bacs au-dessus du niveau des hublots. La version \u00e0 bacs et d\u00e9conseill\u00e9 en cas d\u2019utilisation d\u2019une 4 FACES.<\/p>\n","protected":false},"excerpt":{"rendered":"<p>F250-F320-F380-F450<\/p>\n","protected":false},"featured_media":2825,"comment_status":"closed","ping_status":"closed","template":"","meta":[],"_links":{"self":[{"href":"https:\/\/coimagroup.it\/fr\/wp-json\/wp\/v2\/product\/1516"}],"collection":[{"href":"https:\/\/coimagroup.it\/fr\/wp-json\/wp\/v2\/product"}],"about":[{"href":"https:\/\/coimagroup.it\/fr\/wp-json\/wp\/v2\/types\/product"}],"replies":[{"embeddable":true,"href":"https:\/\/coimagroup.it\/fr\/wp-json\/wp\/v2\/comments?post=1516"}],"wp:featuredmedia":[{"embeddable":true,"href":"https:\/\/coimagroup.it\/fr\/wp-json\/wp\/v2\/media\/2825"}],"wp:attachment":[{"href":"https:\/\/coimagroup.it\/fr\/wp-json\/wp\/v2\/media?parent=1516"}],"curies":[{"name":"wp","href":"https:\/\/api.w.org\/{rel}","templated":true}]}}