{"id":1517,"date":"2020-07-02T12:31:18","date_gmt":"2020-07-02T10:52:19","guid":{"rendered":"https:\/\/coimagroup.it\/prodotto\/upd\/"},"modified":"2021-09-24T11:49:25","modified_gmt":"2021-09-24T09:49:25","slug":"upd","status":"publish","type":"product","link":"https:\/\/coimagroup.it\/fr\/prodotto\/upd\/","title":{"rendered":"Filtres \u00e0 \u00e9cluse atex avec d\u00e9colmatage pneumatique"},"content":{"rendered":"<p>Filtres \u00e0 \u00e9cluse, ayant une structure et un car\u00e9nage en t\u00f4le d\u2019acier galvanis\u00e9 d\u2019\u00e9paisseur \u00e9lev\u00e9, ad\u00e9quat pour faire travailler l\u2019unit\u00e9 en d\u00e9pression, avec le ventilateur installe en aval de la filtration.<br \/>\nId\u00e9aux pour la filtration de particules \u00e0 granulom\u00e9trie moyenne-fine, les unit\u00e9s UDP sont \u00e9quip\u00e9es de:<br \/>\n&#8211; chambre de d\u00e9cantation (sauf mod\u00e8le UPD120), pour ralentir l\u2019air \u00e0 l\u2019entr\u00e9e du filtre et \u00e9viter que les freintes provenant du traitement ne puissent frapper les manches de filtration, en en augmentant par cons\u00e9quent la long\u00e9vit\u00e9;<br \/>\n&#8211; manches filtrantes en polyester antistatique ATEX \u00e0 haute densit\u00e9 (500 g\/mq);<br \/>\n&#8211; syst\u00e8me de nettoyage des manches par des jets d\u2019air comprim\u00e9 \u00e0 contre-courant qui, gr\u00e2ce \u00e0 une centrale programmable, g\u00e8re automatiquement le nettoyage des manches filtrants selon le degr\u00e9 d\u2019obstruction, m\u00eame pendant le fonctionnement de l\u2019aspiration ;<br \/>\n&#8211; tr\u00e9mie inf\u00e9rieure pour collecter et vidanger les d\u00e9chets, avec vis sans fin motoris\u00e9e (sauf mod\u00e8le UPD120) et \u00e9cluse rotative, hublot et indicateur de niveau de s\u00e9curit\u00e9;<br \/>\n&#8211; echelle a crinoline, balustrade sur le toit avec des vastes portillons \u00e0 fermeture \u00e9tanche et ouverture facile gr\u00e2ce aux ressorts \u00e0 gaz, pour faciliter les op\u00e9rations d\u2019entretien \u00e0 la batterie de filtration;<br \/>\n&#8211; panneaux anti-explosion certifi\u00e9s Atex et colonne s\u00e8che anti-incendie \u00e9quip\u00e9e de buses de diffusion a l\u2019int\u00e9rieur ;<br \/>\n&#8211; ventilateur certifie\u2019 ATEX II 3D.<br \/>\nMod\u00e8les jusqu\u2019\u00e0 300.000 mc\/h de d\u00e9bit d\u2019air trait\u00e9 (sur demande).<\/p>\n","protected":false},"excerpt":{"rendered":"<p>UPD<\/p>\n","protected":false},"featured_media":2818,"comment_status":"closed","ping_status":"closed","template":"","meta":[],"_links":{"self":[{"href":"https:\/\/coimagroup.it\/fr\/wp-json\/wp\/v2\/product\/1517"}],"collection":[{"href":"https:\/\/coimagroup.it\/fr\/wp-json\/wp\/v2\/product"}],"about":[{"href":"https:\/\/coimagroup.it\/fr\/wp-json\/wp\/v2\/types\/product"}],"replies":[{"embeddable":true,"href":"https:\/\/coimagroup.it\/fr\/wp-json\/wp\/v2\/comments?post=1517"}],"wp:featuredmedia":[{"embeddable":true,"href":"https:\/\/coimagroup.it\/fr\/wp-json\/wp\/v2\/media\/2818"}],"wp:attachment":[{"href":"https:\/\/coimagroup.it\/fr\/wp-json\/wp\/v2\/media?parent=1517"}],"curies":[{"name":"wp","href":"https:\/\/api.w.org\/{rel}","templated":true}]}}