{"id":1518,"date":"2020-07-02T12:31:18","date_gmt":"2020-07-02T10:52:19","guid":{"rendered":"https:\/\/coimagroup.it\/prodotto\/uvd\/"},"modified":"2021-09-24T11:49:26","modified_gmt":"2021-09-24T09:49:26","slug":"uvd","status":"publish","type":"product","link":"https:\/\/coimagroup.it\/fr\/prodotto\/uvd\/","title":{"rendered":"Unit\u00e9 de filtration avec nettoyage par secousses m\u00e9caniques"},"content":{"rendered":"<p>Filtres \u00e0 manches, ayant une structure et un car\u00e9nage en t\u00f4le d\u2019acier galvanis\u00e9 d\u2019\u00e9paisseur \u00e9lev\u00e9e, pour les installations \u00e0 l\u2019air libre. Id\u00e9aux pour la filtration de particules \u00e0 granulom\u00e9trie moyenne-fi ne et \u00e9quip\u00e9s de:<br \/>\n&#8211; syst\u00e8me de nettoyage \u00e0 secouage m\u00e9canique \u00e0 l\u2019aide<br \/>\nd\u2019excentriques motoris\u00e9s;<br \/>\n&#8211; tr\u00e9mie inf\u00e9rieure pour la collecte et l\u2019\u00e9vacuation avec une vis sans fin motoris\u00e9e et une \u00e9cluse rotative, hublot et indicateurs de niveau de s\u00e9curit\u00e9;<br \/>\n&#8211; \u00e9chelle marine, terrasse et vaste porte avec fermeture \u00e9tanche pour garantir un acc\u00e8s pratique \u00e0 la surface pi\u00e9tonni\u00e8re de la batterie de filtration au cours des op\u00e9rations d\u2019entretien;<br \/>\n&#8211; panneaux anti-d\u00e9flagration certifi\u00e9s Atex et anneau hydrique anti-incendie \u00e9quip\u00e9 de buses de pulv\u00e9risation.<br \/>\nApte au fonctionnement aussi bien en pression positive qu\u2019en pression n\u00e9gative.<br \/>\nMod\u00e8les jusqu\u2019\u00e0 70.000 m3\/h de d\u00e9bit d\u2019air trait\u00e9 (il est possible de r\u00e9aliser \u00e9galement des unit\u00e9s pr\u00e9sentant des dimensions sup\u00e9rieures si c\u2019est n\u00e9cessaire).<\/p>\n","protected":false},"excerpt":{"rendered":"<p>UVD<\/p>\n","protected":false},"featured_media":2811,"comment_status":"closed","ping_status":"closed","template":"","meta":[],"_links":{"self":[{"href":"https:\/\/coimagroup.it\/fr\/wp-json\/wp\/v2\/product\/1518"}],"collection":[{"href":"https:\/\/coimagroup.it\/fr\/wp-json\/wp\/v2\/product"}],"about":[{"href":"https:\/\/coimagroup.it\/fr\/wp-json\/wp\/v2\/types\/product"}],"replies":[{"embeddable":true,"href":"https:\/\/coimagroup.it\/fr\/wp-json\/wp\/v2\/comments?post=1518"}],"wp:featuredmedia":[{"embeddable":true,"href":"https:\/\/coimagroup.it\/fr\/wp-json\/wp\/v2\/media\/2811"}],"wp:attachment":[{"href":"https:\/\/coimagroup.it\/fr\/wp-json\/wp\/v2\/media?parent=1518"}],"curies":[{"name":"wp","href":"https:\/\/api.w.org\/{rel}","templated":true}]}}