{"id":1521,"date":"2020-07-02T12:31:18","date_gmt":"2020-07-02T10:52:19","guid":{"rendered":"https:\/\/coimagroup.it\/prodotto\/stv\/"},"modified":"2021-09-24T11:49:27","modified_gmt":"2021-09-24T09:49:27","slug":"stv","status":"publish","type":"product","link":"https:\/\/coimagroup.it\/fr\/prodotto\/stv\/","title":{"rendered":"Silo de filtration avec d\u00e9colmatage \u00e9lectrom\u00e9canique des filtres"},"content":{"rendered":"<p>Silos de filtration \u00e0 manches, r\u00e9alis\u00e9s en t\u00f4le d\u2019acier de haute \u00e9paisseur calandr\u00e9e et int\u00e9gralement galvanis\u00e9e \u00e0 chaud. Id\u00e9al pour la filtration de particules \u00e0 granulom\u00e9trie moyenne-fi ne et \u00e9quip\u00e9s de:<br \/>\n&#8211; batterie filtrante (dans la partie sup\u00e9rieure) avec syst\u00e8me de nettoyage par secousses m\u00e9caniques \u00e0 l\u2019aide d\u2019excentriques motoris\u00e9s;<br \/>\n&#8211; \u00e9chelle marine, terrasse et vaste porte avec fermeture \u00e9tanche pour garantir un acc\u00e8s pratique \u00e0 la surface pi\u00e9tonni\u00e8re de la batterie de filtration au cours des op\u00e9rations d\u2019entretien;<br \/>\n&#8211; chambre de stockage (de 20 \u00e0 500 m3 de capacit\u00e9) avec extracteur motoris\u00e9 \u00e0 cardans (jusqu\u2019\u00e0 140 m3) ou avec circulation forc\u00e9e par le biais d\u2019un syst\u00e8me pneumatique (extr\u00eamement robuste, jusqu\u2019\u00e0<br \/>\n500 m3);<br \/>\n&#8211; ce dernier gr\u00e2ce \u00e0 un r\u00e9servoir tampon interm\u00e9diaire, permet 3 modalit\u00e9s diff\u00e9rentes de d\u00e9chargement qui pourraient \u00eatre utilis\u00e9es simultan\u00e9ment (briqueteuse, transvasement pneumatique ou m\u00e9canique, etcetera).<\/p>\n<p>Dans la version standard, ils sont \u00e9quip\u00e9s de syst\u00e8mes de s\u00e9curit\u00e9 contre l\u2019incendie et l\u2019explosion: panneaux anti d\u00e9fl agration certifi \u00e9s Atex, anneau hydrique anti-incendie \u00e9quip\u00e9 de buses de pulv\u00e9risation.<br \/>\nApte au fonctionnement aussi bien en pression positive qu\u2019en pression n\u00e9gative. Mod\u00e8les jusqu\u2019\u00e0 120.000 m3\/h de d\u00e9bit d\u2019air trait\u00e9.<\/p>\n","protected":false},"excerpt":{"rendered":"<p>STV<\/p>\n","protected":false},"featured_media":2734,"comment_status":"closed","ping_status":"closed","template":"","meta":[],"_links":{"self":[{"href":"https:\/\/coimagroup.it\/fr\/wp-json\/wp\/v2\/product\/1521"}],"collection":[{"href":"https:\/\/coimagroup.it\/fr\/wp-json\/wp\/v2\/product"}],"about":[{"href":"https:\/\/coimagroup.it\/fr\/wp-json\/wp\/v2\/types\/product"}],"replies":[{"embeddable":true,"href":"https:\/\/coimagroup.it\/fr\/wp-json\/wp\/v2\/comments?post=1521"}],"wp:featuredmedia":[{"embeddable":true,"href":"https:\/\/coimagroup.it\/fr\/wp-json\/wp\/v2\/media\/2734"}],"wp:attachment":[{"href":"https:\/\/coimagroup.it\/fr\/wp-json\/wp\/v2\/media?parent=1521"}],"curies":[{"name":"wp","href":"https:\/\/api.w.org\/{rel}","templated":true}]}}