{"id":1523,"date":"2020-07-02T12:31:18","date_gmt":"2020-07-02T10:52:19","guid":{"rendered":"https:\/\/coimagroup.it\/prodotto\/sis\/"},"modified":"2021-09-24T11:49:28","modified_gmt":"2021-09-24T09:49:28","slug":"sis","status":"publish","type":"product","link":"https:\/\/coimagroup.it\/fr\/prodotto\/sis\/","title":{"rendered":"Silos de stockage"},"content":{"rendered":"<p>Silos de stockage pour copeaux de bois \u00e0 section circulaire, r\u00e9alis\u00e9s en t\u00f4le d\u2019acier de haute \u00e9paisseur calandr\u00e9e et int\u00e9gralement galvanis\u00e9e \u00e0 chaud. Chambre de stockage (de 20 \u00e0 500 m3 de capacit\u00e9) avec extracteur motoris\u00e9 du type \u00e0 cardans (jusqu\u2019\u00e0 140 m3) ou avec circulation forc\u00e9e par le biais<br \/>\nd\u2019un syst\u00e8me pneumatique (extr\u00eamement robuste, jusqu\u2019\u00e0 500 m3); ce dernier gr\u00e2ce \u00e0 un r\u00e9servoir tampon interm\u00e9diaire, garantit 3 modalit\u00e9s diff\u00e9rentes de d\u00e9chargement qui pourraient \u00eatre utilis\u00e9es simultan\u00e9ment (briqueteuse, transvasement pneumatique ou m\u00e9canique, etcetera.).<\/p>\n<p>Dans la version standard, ils sont \u00e9quip\u00e9s de syst\u00e8mes de s\u00e9curit\u00e9 contre l\u2019incendie et l\u2019explosion: panneaux anti d\u00e9flagration certifi \u00e9s Atex, anneau hydrique anti incendie \u00e9quip\u00e9 de buses de pulv\u00e9risation et \u00e9quipements \u00e9lectroniques certifi \u00e9s Atex.<\/p>\n","protected":false},"excerpt":{"rendered":"<p>SIS<\/p>\n","protected":false},"featured_media":2720,"comment_status":"closed","ping_status":"closed","template":"","meta":[],"_links":{"self":[{"href":"https:\/\/coimagroup.it\/fr\/wp-json\/wp\/v2\/product\/1523"}],"collection":[{"href":"https:\/\/coimagroup.it\/fr\/wp-json\/wp\/v2\/product"}],"about":[{"href":"https:\/\/coimagroup.it\/fr\/wp-json\/wp\/v2\/types\/product"}],"replies":[{"embeddable":true,"href":"https:\/\/coimagroup.it\/fr\/wp-json\/wp\/v2\/comments?post=1523"}],"wp:featuredmedia":[{"embeddable":true,"href":"https:\/\/coimagroup.it\/fr\/wp-json\/wp\/v2\/media\/2720"}],"wp:attachment":[{"href":"https:\/\/coimagroup.it\/fr\/wp-json\/wp\/v2\/media?parent=1523"}],"curies":[{"name":"wp","href":"https:\/\/api.w.org\/{rel}","templated":true}]}}