{"id":1524,"date":"2020-07-02T12:31:18","date_gmt":"2020-07-02T10:52:19","guid":{"rendered":"https:\/\/coimagroup.it\/prodotto\/hp\/"},"modified":"2020-07-02T12:52:25","modified_gmt":"2020-07-02T10:52:25","slug":"hp","status":"publish","type":"product","link":"https:\/\/coimagroup.it\/fr\/prodotto\/hp\/","title":{"rendered":"HP"},"content":{"rendered":"<p>Groupe technologique permettant l\u2019aspiration <strong>d\u2019outils portatifs<\/strong> tels que des calibreuses roto-orbitales, des raboteuses, des perceuses, etc. \u00e0 la fois \u00e9lectriques et pneumatiques, \u00e0 condition qu\u2019ils soient dot\u00e9s de pr\u00e9disposition pour le raccordement \u00e0 l\u2019aspiration.<br \/>\nLes unit\u00e9s d\u2019aspiration et de filtration sont \u00e9quip\u00e9es de cartouches filtrantes avec syst\u00e8me de nettoyage pneumatique au moyen de jets d\u2019air comprim\u00e9 \u00e0 contre-courant, et le ventilateur <strong>\u00e0 haute pression<\/strong> est incorpor\u00e9 au sein du groupe et par cons\u00e9quent insonoris\u00e9.<br \/>Ce groupe est en mesure de garantir une aspiration correcte par le biais d\u2019une tuyauterie flexible pr\u00e9sentant une grande longueur et un diam\u00e8tre limit\u00e9 (< 50 mm).\nPossibilit\u00e9 de d\u00e9chargement dans un sac ou de <strong>d\u00e9chargement direct dans une installation d\u2019aspiration centralis\u00e9e<\/strong> (en option).<\/p>\n<p>Mod\u00e8les de 80 \u00e0 1.600 m3\/h de d\u00e9bit d\u2019air trait\u00e9 (de 1 \u00e0 20 outils portatifs), avec possibilit\u00e9 de <strong>modulation automatique du d\u00e9bit d\u2019aspiration par le biais d\u2019un inverseur incorpor\u00e9<\/strong>.<\/p>\n","protected":false},"excerpt":{"rendered":"<p>Groupe de filtration \u00e0 haute d\u00e9pression<\/p>\n","protected":false},"featured_media":2671,"comment_status":"closed","ping_status":"closed","template":"","meta":[],"_links":{"self":[{"href":"https:\/\/coimagroup.it\/fr\/wp-json\/wp\/v2\/product\/1524"}],"collection":[{"href":"https:\/\/coimagroup.it\/fr\/wp-json\/wp\/v2\/product"}],"about":[{"href":"https:\/\/coimagroup.it\/fr\/wp-json\/wp\/v2\/types\/product"}],"replies":[{"embeddable":true,"href":"https:\/\/coimagroup.it\/fr\/wp-json\/wp\/v2\/comments?post=1524"}],"wp:featuredmedia":[{"embeddable":true,"href":"https:\/\/coimagroup.it\/fr\/wp-json\/wp\/v2\/media\/2671"}],"wp:attachment":[{"href":"https:\/\/coimagroup.it\/fr\/wp-json\/wp\/v2\/media?parent=1524"}],"curies":[{"name":"wp","href":"https:\/\/api.w.org\/{rel}","templated":true}]}}