{"id":1525,"date":"2020-07-02T12:31:18","date_gmt":"2020-07-02T10:52:19","guid":{"rendered":"https:\/\/coimagroup.it\/prodotto\/jol\/"},"modified":"2020-07-02T12:52:26","modified_gmt":"2020-07-02T10:52:26","slug":"jol","status":"publish","type":"product","link":"https:\/\/coimagroup.it\/fr\/prodotto\/jol\/","title":{"rendered":"JOL"},"content":{"rendered":"<p>Bras articul\u00e9 <strong>extr\u00eamement robuste et facile \u00e0 manier<\/strong>, il permet de travailler facilement avec des outils portables dans un rayon d\u2019action allant jusqu\u2019\u00e0 7 m.<\/p>\n<p>Il est \u00e9quip\u00e9 d\u2019un support pour la fixation murale ou d\u2019une colonne de fixation au sol. Il est \u00e9quip\u00e9 en son sein d\u2019un canal d\u2019aspiration, de tuyaux \u00e0 air comprim\u00e9 et de c\u00e2bles \u00e9lectriques pour l\u2019alimentation de tous les types d\u2019outils portables.<\/p>\n<p>Disponible sous des longueurs allant de 5 \u00e0 7 m.<\/p>\n","protected":false},"excerpt":{"rendered":"<p>Bras d\u2019aspiration pour installations \u00e0 haute d\u00e9pression<\/p>\n","protected":false},"featured_media":2776,"comment_status":"closed","ping_status":"closed","template":"","meta":[],"_links":{"self":[{"href":"https:\/\/coimagroup.it\/fr\/wp-json\/wp\/v2\/product\/1525"}],"collection":[{"href":"https:\/\/coimagroup.it\/fr\/wp-json\/wp\/v2\/product"}],"about":[{"href":"https:\/\/coimagroup.it\/fr\/wp-json\/wp\/v2\/types\/product"}],"replies":[{"embeddable":true,"href":"https:\/\/coimagroup.it\/fr\/wp-json\/wp\/v2\/comments?post=1525"}],"wp:featuredmedia":[{"embeddable":true,"href":"https:\/\/coimagroup.it\/fr\/wp-json\/wp\/v2\/media\/2776"}],"wp:attachment":[{"href":"https:\/\/coimagroup.it\/fr\/wp-json\/wp\/v2\/media?parent=1525"}],"curies":[{"name":"wp","href":"https:\/\/api.w.org\/{rel}","templated":true}]}}