{"id":1526,"date":"2020-07-02T12:31:18","date_gmt":"2020-07-02T10:52:19","guid":{"rendered":"https:\/\/coimagroup.it\/prodotto\/hpc\/"},"modified":"2020-07-02T12:52:26","modified_gmt":"2020-07-02T10:52:26","slug":"hpc","status":"publish","type":"product","link":"https:\/\/coimagroup.it\/fr\/prodotto\/hpc\/","title":{"rendered":"HPC"},"content":{"rendered":"<p>Centrale pour l\u2019alimentation et l\u2019aspiration d\u2019outils portatifs, \u00e9quip\u00e9e de prises de courant \u00e9lectrique, de raccords rapides pour l\u2019air comprim\u00e9 (selon le type d\u2019engin roto-orbital ou d\u2019outil utilis\u00e9), robinets d\u2019arr\u00eat, r\u00e9gulateurs de pression et enfin de raccords rapides pour l\u2019air comprim\u00e9 sous basse pression pour le pistolet de soufflage.<\/p>\n<p>Disponible sous des versions \u00e0 fixer au mur (ou \u00e0 l\u2019\u00e9tabli de travail), \u00e0 fixer au sol \u00e0 l\u2019aide d\u2019une colonne de soutien, ou \u00e0 lier \u00e0 des bras articul\u00e9s ou \u00e0 des installations d\u2019aspiration centralis\u00e9es \u00e0 haute pression.<\/p>\n","protected":false},"excerpt":{"rendered":"<p>Centrale alimentation et aspiration pour outils portatifs<\/p>\n","protected":false},"featured_media":2790,"comment_status":"closed","ping_status":"closed","template":"","meta":[],"_links":{"self":[{"href":"https:\/\/coimagroup.it\/fr\/wp-json\/wp\/v2\/product\/1526"}],"collection":[{"href":"https:\/\/coimagroup.it\/fr\/wp-json\/wp\/v2\/product"}],"about":[{"href":"https:\/\/coimagroup.it\/fr\/wp-json\/wp\/v2\/types\/product"}],"replies":[{"embeddable":true,"href":"https:\/\/coimagroup.it\/fr\/wp-json\/wp\/v2\/comments?post=1526"}],"wp:featuredmedia":[{"embeddable":true,"href":"https:\/\/coimagroup.it\/fr\/wp-json\/wp\/v2\/media\/2790"}],"wp:attachment":[{"href":"https:\/\/coimagroup.it\/fr\/wp-json\/wp\/v2\/media?parent=1526"}],"curies":[{"name":"wp","href":"https:\/\/api.w.org\/{rel}","templated":true}]}}