{"id":1527,"date":"2020-07-02T12:31:18","date_gmt":"2020-07-02T10:52:19","guid":{"rendered":"https:\/\/coimagroup.it\/prodotto\/saf\/"},"modified":"2020-07-02T12:52:26","modified_gmt":"2020-07-02T10:52:26","slug":"saf","status":"publish","type":"product","link":"https:\/\/coimagroup.it\/fr\/prodotto\/saf\/","title":{"rendered":"SAF"},"content":{"rendered":"<p>Filtre \u00e0 paillette m\u00e9tallique (basse efficience) ou \u00e0 poches (efficience \u00e9lev\u00e9e), en acier galvanis\u00e9, permettant la filtration des fum\u00e9es de soudage.<\/p>\n<p>Mod\u00e8les jusqu\u2019\u00e0 30.000 m3\/h de d\u00e9bit d\u2019air trait\u00e9.<\/p>\n","protected":false},"excerpt":{"rendered":"<p>Filtre pour fum\u00e9es de soudage<\/p>\n","protected":false},"featured_media":2657,"comment_status":"closed","ping_status":"closed","template":"","meta":[],"_links":{"self":[{"href":"https:\/\/coimagroup.it\/fr\/wp-json\/wp\/v2\/product\/1527"}],"collection":[{"href":"https:\/\/coimagroup.it\/fr\/wp-json\/wp\/v2\/product"}],"about":[{"href":"https:\/\/coimagroup.it\/fr\/wp-json\/wp\/v2\/types\/product"}],"replies":[{"embeddable":true,"href":"https:\/\/coimagroup.it\/fr\/wp-json\/wp\/v2\/comments?post=1527"}],"wp:featuredmedia":[{"embeddable":true,"href":"https:\/\/coimagroup.it\/fr\/wp-json\/wp\/v2\/media\/2657"}],"wp:attachment":[{"href":"https:\/\/coimagroup.it\/fr\/wp-json\/wp\/v2\/media?parent=1527"}],"curies":[{"name":"wp","href":"https:\/\/api.w.org\/{rel}","templated":true}]}}