{"id":1528,"date":"2020-07-02T12:31:18","date_gmt":"2020-07-02T10:52:19","guid":{"rendered":"https:\/\/coimagroup.it\/prodotto\/bm\/"},"modified":"2020-07-02T12:52:27","modified_gmt":"2020-07-02T10:52:27","slug":"bm","status":"publish","type":"product","link":"https:\/\/coimagroup.it\/fr\/prodotto\/bm\/","title":{"rendered":"BM"},"content":{"rendered":"<p>Bras articul\u00e9 <strong>extr\u00eamement robuste et facile \u00e0 manier<\/strong>, permettant de proc\u00e9der \u00e0 des aspirations localis\u00e9es telles que celle des fum\u00e9es de soudage ou des poussi\u00e8res de meulage.<br \/>\nIl est \u00e9quip\u00e9 d\u2019un support pour la fixation murale ou d\u2019une colonne de fixation au sol et \u00e9ventuellement \u00e9galement d\u2019un aspirateur appropri\u00e9.<\/p>\n<p>Disponible sous des longueurs de 1 \u00e0 5 m et un diam\u00e8tre de 150 \u00e0 200 mm.<\/p>\n","protected":false},"excerpt":{"rendered":"<p>Bras d\u2019aspiration pour fum\u00e9es de soudage et poussi\u00e8re de meulage<\/p>\n","protected":false},"featured_media":2769,"comment_status":"closed","ping_status":"closed","template":"","meta":[],"_links":{"self":[{"href":"https:\/\/coimagroup.it\/fr\/wp-json\/wp\/v2\/product\/1528"}],"collection":[{"href":"https:\/\/coimagroup.it\/fr\/wp-json\/wp\/v2\/product"}],"about":[{"href":"https:\/\/coimagroup.it\/fr\/wp-json\/wp\/v2\/types\/product"}],"replies":[{"embeddable":true,"href":"https:\/\/coimagroup.it\/fr\/wp-json\/wp\/v2\/comments?post=1528"}],"wp:featuredmedia":[{"embeddable":true,"href":"https:\/\/coimagroup.it\/fr\/wp-json\/wp\/v2\/media\/2769"}],"wp:attachment":[{"href":"https:\/\/coimagroup.it\/fr\/wp-json\/wp\/v2\/media?parent=1528"}],"curies":[{"name":"wp","href":"https:\/\/api.w.org\/{rel}","templated":true}]}}