{"id":1529,"date":"2020-07-02T12:31:18","date_gmt":"2020-07-02T10:52:19","guid":{"rendered":"https:\/\/coimagroup.it\/prodotto\/pa\/"},"modified":"2020-07-02T12:52:27","modified_gmt":"2020-07-02T10:52:27","slug":"pa","status":"publish","type":"product","link":"https:\/\/coimagroup.it\/fr\/prodotto\/pa\/","title":{"rendered":"PA"},"content":{"rendered":"<p>Paroi r\u00e9alis\u00e9e en t\u00f4le galvanis\u00e9e fendue de mani\u00e8re appropri\u00e9e, ayant une forme et des dimensions sur mesure, id\u00e9ales pour \u00e9loigner imm\u00e9diatement de l\u2019op\u00e9rateur les fum\u00e9es produites par les op\u00e9rations de soudage sur de grandes surfaces; cela permet en outre d\u2019aspirer les nuages de poussi\u00e8re se d\u00e9gageant \u00e0 la suite d\u2019op\u00e9rations de meulage\/pon\u00e7age.<\/p>\n","protected":false},"excerpt":{"rendered":"<p>Paroi d\u2019aspiration pour fum\u00e9es de soudage et poussi\u00e8res de meulage<\/p>\n","protected":false},"featured_media":2706,"comment_status":"closed","ping_status":"closed","template":"","meta":[],"_links":{"self":[{"href":"https:\/\/coimagroup.it\/fr\/wp-json\/wp\/v2\/product\/1529"}],"collection":[{"href":"https:\/\/coimagroup.it\/fr\/wp-json\/wp\/v2\/product"}],"about":[{"href":"https:\/\/coimagroup.it\/fr\/wp-json\/wp\/v2\/types\/product"}],"replies":[{"embeddable":true,"href":"https:\/\/coimagroup.it\/fr\/wp-json\/wp\/v2\/comments?post=1529"}],"wp:featuredmedia":[{"embeddable":true,"href":"https:\/\/coimagroup.it\/fr\/wp-json\/wp\/v2\/media\/2706"}],"wp:attachment":[{"href":"https:\/\/coimagroup.it\/fr\/wp-json\/wp\/v2\/media?parent=1529"}],"curies":[{"name":"wp","href":"https:\/\/api.w.org\/{rel}","templated":true}]}}