{"id":1530,"date":"2020-07-02T12:31:24","date_gmt":"2020-07-02T10:52:29","guid":{"rendered":"https:\/\/coimagroup.it\/prodotto\/fpc\/"},"modified":"2020-07-02T12:52:29","modified_gmt":"2020-07-02T10:52:29","slug":"fpc","status":"publish","type":"product","link":"https:\/\/coimagroup.it\/fr\/prodotto\/fpc\/","title":{"rendered":"FPC"},"content":{"rendered":"<p>Filtre \u00e0 cartouches, r\u00e9alis\u00e9 en t\u00f4le d\u2019acier galvanis\u00e9 d\u2019\u00e9paisseur \u00e9lev\u00e9e, pour les installations \u00e0 l\u2019air libre. Id\u00e9aux pour la filtration de particules pr\u00e9sentant une granulom\u00e9trie m\u00eame tr\u00e8s fine, non seulement pour le secteur du bois mais \u00e9galement <strong>pour le secteur des m\u00e9taux et agro-alimentaire et des mati\u00e8res plastiques<\/strong>.<br \/>\n\u00c9quip\u00e9 de:<br \/>\n&#8211; <strong>batterie de filtration<\/strong> (dans la partie sup\u00e9rieure) avec <strong>syst\u00e8me de nettoyage \u00e0 jets d\u2019air comprim\u00e9 \u00e0 contre-courant<\/strong>, gr\u00e2ce \u00e0 une centrale programmable qui g\u00e8re automatiquement le nettoyage des cartouches filtrantes selon le degr\u00e9 d\u2019encrassement, aspiration active;<br \/>&#8211; <strong>tr\u00e9mie inf\u00e9rieure<\/strong> pour r\u00e9colter et d\u00e9charger avec une vis sans fin motoris\u00e9e et une vanne rotative (ou d\u00e9chargement direct dans des bidons sur roues), hublot et indicateurs de niveau de s\u00e9curit\u00e9;<br \/>\n&#8211; <strong>\u00e9chelle marine, galerie sur le toit avec de vastes portillons<\/strong> \u00e0 fermeture \u00e9tanche et \u00e9quip\u00e9s de ressort \u00e0 gaz pour faciliter l\u2019acc\u00e8s au plan sup\u00e9rieur de la batterie de filtration au cours des op\u00e9rations d\u2019entretien;<br \/>\n&#8211; <strong>panneaux anti-d\u00e9flagration<\/strong> certifi\u00e9s Atex et <strong>anneau hydrique anti incendie<\/strong> \u00e9quip\u00e9 d\u2019un sprinkler.<\/p>\n<p><strong>Convient pour un fonctionnement aussi bien en pression positive qu\u2019en <u>pression n\u00e9gative<\/u>.<\/strong><br \/>\nMod\u00e8les jusqu\u2019\u00e0 250.000 m3\/h de d\u00e9bit d\u2019air trait\u00e9.<\/p>\n","protected":false},"excerpt":{"rendered":"<p>Filtre de d\u00e9poussi\u00e9rage avec nettoyage pneumatique \u00e0 contre-lavage \u00e0 air comprim\u00e9<\/p>\n","protected":false},"featured_media":2643,"comment_status":"closed","ping_status":"closed","template":"","meta":[],"_links":{"self":[{"href":"https:\/\/coimagroup.it\/fr\/wp-json\/wp\/v2\/product\/1530"}],"collection":[{"href":"https:\/\/coimagroup.it\/fr\/wp-json\/wp\/v2\/product"}],"about":[{"href":"https:\/\/coimagroup.it\/fr\/wp-json\/wp\/v2\/types\/product"}],"replies":[{"embeddable":true,"href":"https:\/\/coimagroup.it\/fr\/wp-json\/wp\/v2\/comments?post=1530"}],"wp:featuredmedia":[{"embeddable":true,"href":"https:\/\/coimagroup.it\/fr\/wp-json\/wp\/v2\/media\/2643"}],"wp:attachment":[{"href":"https:\/\/coimagroup.it\/fr\/wp-json\/wp\/v2\/media?parent=1530"}],"curies":[{"name":"wp","href":"https:\/\/api.w.org\/{rel}","templated":true}]}}