{"id":1531,"date":"2020-07-02T12:31:24","date_gmt":"2020-07-02T10:52:29","guid":{"rendered":"https:\/\/coimagroup.it\/prodotto\/uta_uta-r\/"},"modified":"2020-07-02T12:52:30","modified_gmt":"2020-07-02T10:52:30","slug":"uta_uta-r","status":"publish","type":"product","link":"https:\/\/coimagroup.it\/fr\/prodotto\/uta_uta-r\/","title":{"rendered":"UTA_UTA-R"},"content":{"rendered":"<p>Ventilo-convecteur recouvert d\u2019un double panneau de sandwich en mousse de polyur\u00e9thane expans\u00e9e, utilis\u00e9 pour la pressurisation, le chauffage, le refroidissement des milieux de travail. Il contien en son sein une batterie d\u2019\u00e9change thermique eau-air \u00e0 2 ou 4 rangs, un ventilateur centrifuge \u00e0 faible bruit et un filtre de classe G4 ou de classe sup\u00e9rieure si necessaire.<br \/>\nIl permet \u00e9galement le r\u00e9glage de la temp\u00e9rature et de la pression de milieux de travail tels que des cabines de peinture. Disponible aussi sous une configuration verticale.<br \/>Syst\u00e8me de refroidissement \u00e0 batterie \u00e0 eau froide disponible sur demande.<\/p>\n<p><strong>Version UTA-R<\/strong><br \/>\nLa version UTA-R  comprend un \u00e9changeur \u00e0 flux crois\u00e9s, gr\u00e2ce auquel il est possible, en pr\u00e9chauffant l\u2019air \u00e0 l\u2019entr\u00e9e, de r\u00e9cup\u00e9rer une partie de la chaleur qui, sinon, serait perdu dans l\u2019atmosph\u00e8re.<\/p>\n","protected":false},"excerpt":{"rendered":"<p>Unit\u00e9s de traitement de l\u2019air pour pressurisation, chauffage, refroidissement et r\u00e9cup\u00e9rateur de chaleur<\/p>\n","protected":false},"featured_media":2741,"comment_status":"closed","ping_status":"closed","template":"","meta":[],"_links":{"self":[{"href":"https:\/\/coimagroup.it\/fr\/wp-json\/wp\/v2\/product\/1531"}],"collection":[{"href":"https:\/\/coimagroup.it\/fr\/wp-json\/wp\/v2\/product"}],"about":[{"href":"https:\/\/coimagroup.it\/fr\/wp-json\/wp\/v2\/types\/product"}],"replies":[{"embeddable":true,"href":"https:\/\/coimagroup.it\/fr\/wp-json\/wp\/v2\/comments?post=1531"}],"wp:featuredmedia":[{"embeddable":true,"href":"https:\/\/coimagroup.it\/fr\/wp-json\/wp\/v2\/media\/2741"}],"wp:attachment":[{"href":"https:\/\/coimagroup.it\/fr\/wp-json\/wp\/v2\/media?parent=1531"}],"curies":[{"name":"wp","href":"https:\/\/api.w.org\/{rel}","templated":true}]}}