{"id":1532,"date":"2020-07-02T12:31:24","date_gmt":"2020-07-02T10:52:29","guid":{"rendered":"https:\/\/coimagroup.it\/prodotto\/cap\/"},"modified":"2020-07-02T12:52:30","modified_gmt":"2020-07-02T10:52:30","slug":"cap","status":"publish","type":"product","link":"https:\/\/coimagroup.it\/fr\/prodotto\/cap\/","title":{"rendered":"CAP"},"content":{"rendered":"<p>Cabine en acier galvanis\u00e9, de dimensions variables (solutions sur mesure possibles), pour l\u2019aspiration des nuages de poussi\u00e8re qui se forment \u00e0 la suite d\u2019op\u00e9rations de pon\u00e7age, meulage, soudage; elle permet d\u2019\u00e9loigner imm\u00e9diatement le nuage de l\u2019op\u00e9rateur.<br \/>\nDisponible sous version avec raccordement au syst\u00e8me d\u2019aspiration centralis\u00e9 ou sous version ind\u00e9pendante. \u00c9quip\u00e9es de cartouches de filtration avec <strong>syst\u00e8me de nettoyage pneumatique au moyen de jets d\u2019air comprim\u00e9<\/strong> \u00e0 contre-courant et aspirateur int\u00e9gr\u00e9 capable de garantir une vitesse d\u2019aspiration correcte sur toute la surface d\u2019aspiration.<\/p>\n","protected":false},"excerpt":{"rendered":"<p>Cabine pour poussi\u00e8res de pon\u00e7age, meulage et fum\u00e9es<\/p>\n","protected":false},"featured_media":2783,"comment_status":"closed","ping_status":"closed","template":"","meta":[],"_links":{"self":[{"href":"https:\/\/coimagroup.it\/fr\/wp-json\/wp\/v2\/product\/1532"}],"collection":[{"href":"https:\/\/coimagroup.it\/fr\/wp-json\/wp\/v2\/product"}],"about":[{"href":"https:\/\/coimagroup.it\/fr\/wp-json\/wp\/v2\/types\/product"}],"replies":[{"embeddable":true,"href":"https:\/\/coimagroup.it\/fr\/wp-json\/wp\/v2\/comments?post=1532"}],"wp:featuredmedia":[{"embeddable":true,"href":"https:\/\/coimagroup.it\/fr\/wp-json\/wp\/v2\/media\/2783"}],"wp:attachment":[{"href":"https:\/\/coimagroup.it\/fr\/wp-json\/wp\/v2\/media?parent=1532"}],"curies":[{"name":"wp","href":"https:\/\/api.w.org\/{rel}","templated":true}]}}