{"id":1533,"date":"2020-07-02T12:31:24","date_gmt":"2020-07-02T10:52:29","guid":{"rendered":"https:\/\/coimagroup.it\/prodotto\/ba\/"},"modified":"2020-07-02T12:52:30","modified_gmt":"2020-07-02T10:52:30","slug":"ba","status":"publish","type":"product","link":"https:\/\/coimagroup.it\/fr\/prodotto\/ba\/","title":{"rendered":"BA"},"content":{"rendered":"<p>\u00c9tabli de travail avec aspiration par le bas, par les c\u00f4t\u00e9s et sur la partie frontale (optionnel), form\u00e9 de t\u00f4le galvanis\u00e9e, il permet la r\u00e9alisation d\u2019op\u00e9rations de pon\u00e7age en toute s\u00e9curit\u00e9 gr\u00e2ce \u00e0 la surface de travail \u00e9quip\u00e9e de fentes d\u2019aspiration et recouverte d\u2019un feutre anti-rayures (en option).<br \/>\nDe dimensions variables (solutions personnalis\u00e9es possibles), il exige un branchement \u00e0 une installation d\u2019aspiration centralis\u00e9e.<\/p>\n","protected":false},"excerpt":{"rendered":"<p>\u00c9tabli d\u2019aspiration, pour installations d\u2019aspiration centralis\u00e9es<\/p>\n","protected":false},"featured_media":2762,"comment_status":"closed","ping_status":"closed","template":"","meta":[],"_links":{"self":[{"href":"https:\/\/coimagroup.it\/fr\/wp-json\/wp\/v2\/product\/1533"}],"collection":[{"href":"https:\/\/coimagroup.it\/fr\/wp-json\/wp\/v2\/product"}],"about":[{"href":"https:\/\/coimagroup.it\/fr\/wp-json\/wp\/v2\/types\/product"}],"replies":[{"embeddable":true,"href":"https:\/\/coimagroup.it\/fr\/wp-json\/wp\/v2\/comments?post=1533"}],"wp:featuredmedia":[{"embeddable":true,"href":"https:\/\/coimagroup.it\/fr\/wp-json\/wp\/v2\/media\/2762"}],"wp:attachment":[{"href":"https:\/\/coimagroup.it\/fr\/wp-json\/wp\/v2\/media?parent=1533"}],"curies":[{"name":"wp","href":"https:\/\/api.w.org\/{rel}","templated":true}]}}