{"id":1535,"date":"2020-07-02T12:31:24","date_gmt":"2020-07-02T10:52:29","guid":{"rendered":"https:\/\/coimagroup.it\/prodotto\/bac\/"},"modified":"2020-07-02T12:52:31","modified_gmt":"2020-07-02T10:52:31","slug":"bac","status":"publish","type":"product","link":"https:\/\/coimagroup.it\/fr\/prodotto\/bac\/","title":{"rendered":"BAC"},"content":{"rendered":"<p>\u00c9tabli de travail avec aspiration par le bas et par les c\u00f4t\u00e9s, r\u00e9alis\u00e9 en t\u00f4le galvanis\u00e9e, il permet la r\u00e9alisation d\u2019op\u00e9rations de pon\u00e7age, de d\u00e9coupe, de meulage en toute s\u00e9curit\u00e9, gr\u00e2ce \u00e0 la surface de travail \u00e9quip\u00e9e de fentes d\u2019aspiration et recouverte d\u2019un feutre anti-rayures (en option).<br \/>\n\u00c9quip\u00e9 de cartouches de filtration avec <strong>syst\u00e8me de nettoyage pneumatique au moyen de jets d\u2019air comprim\u00e9<\/strong> \u00e0 contre-courant et aspirateur int\u00e9gr\u00e9 capable de garantir une vitesse d\u2019aspiration correcte sur toute la surface; il est en outre d\u00e9j\u00e0 pr\u00e9dispos\u00e9 pour le <strong>branchement \u00e0 l\u2019installation hydraulique<\/strong> pour l\u2019\u00e9limination des poussi\u00e8res filtr\u00e9es.<\/p>\n","protected":false},"excerpt":{"rendered":"<p>\u00c9tabli d\u2019aspiration ind\u00e9pendant pour le secteur de la construction (marbre, c\u00e9ramique, pl\u00e2tre)<\/p>\n","protected":false},"featured_media":2755,"comment_status":"closed","ping_status":"closed","template":"","meta":[],"_links":{"self":[{"href":"https:\/\/coimagroup.it\/fr\/wp-json\/wp\/v2\/product\/1535"}],"collection":[{"href":"https:\/\/coimagroup.it\/fr\/wp-json\/wp\/v2\/product"}],"about":[{"href":"https:\/\/coimagroup.it\/fr\/wp-json\/wp\/v2\/types\/product"}],"replies":[{"embeddable":true,"href":"https:\/\/coimagroup.it\/fr\/wp-json\/wp\/v2\/comments?post=1535"}],"wp:featuredmedia":[{"embeddable":true,"href":"https:\/\/coimagroup.it\/fr\/wp-json\/wp\/v2\/media\/2755"}],"wp:attachment":[{"href":"https:\/\/coimagroup.it\/fr\/wp-json\/wp\/v2\/media?parent=1535"}],"curies":[{"name":"wp","href":"https:\/\/api.w.org\/{rel}","templated":true}]}}