{"id":1536,"date":"2020-07-02T12:31:24","date_gmt":"2020-07-02T10:52:29","guid":{"rendered":"https:\/\/coimagroup.it\/prodotto\/fol\/"},"modified":"2020-07-02T12:52:31","modified_gmt":"2020-07-02T10:52:31","slug":"fol","status":"publish","type":"product","link":"https:\/\/coimagroup.it\/fr\/prodotto\/fol\/","title":{"rendered":"FOL"},"content":{"rendered":"<p>Filtre \u00e0 double stade, dot\u00e9 d\u2019une paille m\u00e9tallique et de poches filtrantes, adapt\u00e9 \u00e0 l\u2019industrie m\u00e9canique (tours, taraudeuses, machines \u00e0 tailler les engrenages, rectifieuses, mouleuses a froid, commandes num\u00e9riques, etc.) et au secteur agro-alimentaire: (n\u00e9buliseurs d\u2019huile v\u00e9g\u00e9tale, machines pour le traitement des p\u00e2tes, etc.). Fabriqu\u00e9 en acier galvanis\u00e9, pour l\u2019installation \u00e0 l\u2019ext\u00e9rieur ou \u00e0 l\u2019int\u00e9rieur.<\/p>\n<p>Mod\u00e8les jusqu\u2019\u00e0 24.000 m3\/h de d\u00e9bit d\u2019air trait\u00e9.<\/p>\n","protected":false},"excerpt":{"rendered":"<p>Filtre pour nuages huileux<\/p>\n","protected":false},"featured_media":2664,"comment_status":"closed","ping_status":"closed","template":"","meta":[],"_links":{"self":[{"href":"https:\/\/coimagroup.it\/fr\/wp-json\/wp\/v2\/product\/1536"}],"collection":[{"href":"https:\/\/coimagroup.it\/fr\/wp-json\/wp\/v2\/product"}],"about":[{"href":"https:\/\/coimagroup.it\/fr\/wp-json\/wp\/v2\/types\/product"}],"replies":[{"embeddable":true,"href":"https:\/\/coimagroup.it\/fr\/wp-json\/wp\/v2\/comments?post=1536"}],"wp:featuredmedia":[{"embeddable":true,"href":"https:\/\/coimagroup.it\/fr\/wp-json\/wp\/v2\/media\/2664"}],"wp:attachment":[{"href":"https:\/\/coimagroup.it\/fr\/wp-json\/wp\/v2\/media?parent=1536"}],"curies":[{"name":"wp","href":"https:\/\/api.w.org\/{rel}","templated":true}]}}