{"id":1537,"date":"2020-07-02T12:31:24","date_gmt":"2020-07-02T10:52:29","guid":{"rendered":"https:\/\/coimagroup.it\/prodotto\/fca\/"},"modified":"2020-07-02T12:52:32","modified_gmt":"2020-07-02T10:52:32","slug":"fca","status":"publish","type":"product","link":"https:\/\/coimagroup.it\/fr\/prodotto\/fca\/","title":{"rendered":"FCA"},"content":{"rendered":"<p>Filtre permettant <strong>de r\u00e9duire les odeurs, les solvants et d\u2019autres polluants<\/strong> en faibles concentrations.<\/p>\n<p>R\u00e9alis\u00e9 sur mesure en t\u00f4le galvanis\u00e9e, avec des tiroirs pour contenir les charbons actifs pouvant \u00eatre ais\u00e9ment extraits pour faciliter l\u2019entretien.<\/p>\n","protected":false},"excerpt":{"rendered":"<p>Filtre aux charbons actifs<\/p>\n","protected":false},"featured_media":2804,"comment_status":"closed","ping_status":"closed","template":"","meta":[],"_links":{"self":[{"href":"https:\/\/coimagroup.it\/fr\/wp-json\/wp\/v2\/product\/1537"}],"collection":[{"href":"https:\/\/coimagroup.it\/fr\/wp-json\/wp\/v2\/product"}],"about":[{"href":"https:\/\/coimagroup.it\/fr\/wp-json\/wp\/v2\/types\/product"}],"replies":[{"embeddable":true,"href":"https:\/\/coimagroup.it\/fr\/wp-json\/wp\/v2\/comments?post=1537"}],"wp:featuredmedia":[{"embeddable":true,"href":"https:\/\/coimagroup.it\/fr\/wp-json\/wp\/v2\/media\/2804"}],"wp:attachment":[{"href":"https:\/\/coimagroup.it\/fr\/wp-json\/wp\/v2\/media?parent=1537"}],"curies":[{"name":"wp","href":"https:\/\/api.w.org\/{rel}","templated":true}]}}