{"id":1538,"date":"2020-07-02T12:31:24","date_gmt":"2020-07-02T10:52:29","guid":{"rendered":"https:\/\/coimagroup.it\/prodotto\/im\/"},"modified":"2020-07-02T12:52:32","modified_gmt":"2020-07-02T10:52:32","slug":"im","status":"publish","type":"product","link":"https:\/\/coimagroup.it\/fr\/prodotto\/im\/","title":{"rendered":"IM"},"content":{"rendered":"<p>Tous les produits pr\u00e9cit\u00e9s peuvent \u00eatre combin\u00e9s entre eux pour former des installations sur mesure, permettant l\u2019aspiration et la filtration des substances polluantes solides et gazeuses les plus vari\u00e9es, pr\u00e9sentant une granulom\u00e9trie et une composition chimique tr\u00e8s diversifi\u00e9es.<br \/>\nLes installations, con\u00e7ues, fabriqu\u00e9es et install\u00e9es par Coima permettent de r\u00e9soudre les probl\u00e8mes de contamination et de s\u00e9curit\u00e9 des milieux de travail les plus sp\u00e9cifiques, ce qui permet d\u2019obtenir les conditions de confort et de s\u00e9curit\u00e9 qui sont compatibles avec une r\u00e9alisation optimale des op\u00e9rations et conform\u00e9ment aux normes l\u00e9gales en vigueur.<\/p>\n","protected":false},"excerpt":{"rendered":"<p>Installation d&rsquo;aspiration, de filtration et de stockage sur mesure<\/p>\n","protected":false},"featured_media":2678,"comment_status":"closed","ping_status":"closed","template":"","meta":[],"_links":{"self":[{"href":"https:\/\/coimagroup.it\/fr\/wp-json\/wp\/v2\/product\/1538"}],"collection":[{"href":"https:\/\/coimagroup.it\/fr\/wp-json\/wp\/v2\/product"}],"about":[{"href":"https:\/\/coimagroup.it\/fr\/wp-json\/wp\/v2\/types\/product"}],"replies":[{"embeddable":true,"href":"https:\/\/coimagroup.it\/fr\/wp-json\/wp\/v2\/comments?post=1538"}],"wp:featuredmedia":[{"embeddable":true,"href":"https:\/\/coimagroup.it\/fr\/wp-json\/wp\/v2\/media\/2678"}],"wp:attachment":[{"href":"https:\/\/coimagroup.it\/fr\/wp-json\/wp\/v2\/media?parent=1538"}],"curies":[{"name":"wp","href":"https:\/\/api.w.org\/{rel}","templated":true}]}}