{"id":1540,"date":"2020-07-02T12:31:24","date_gmt":"2020-07-02T10:52:29","guid":{"rendered":"https:\/\/coimagroup.it\/prodotto\/cta\/"},"modified":"2020-07-02T12:52:33","modified_gmt":"2020-07-02T10:52:33","slug":"cta","status":"publish","type":"product","link":"https:\/\/coimagroup.it\/fr\/prodotto\/cta\/","title":{"rendered":"CTA"},"content":{"rendered":"<p>Con\u00e7ue et construite pour l\u2019utilisation de la biomasse. La structure portante, \u00e0 orientation horizontale, est construite avec des t\u00f4les d\u2019acier de grande \u00e9paisseur, capables de r\u00e9sister aux contraintes thermiques et aux pressions de pouss\u00e9e \u00e9lev\u00e9es de fonctionnement par le biais de barres de traction.<br \/>\nLa chambre de combustion, pr\u00e9sentant un large volume \u00e0 parois humides, est pourvue d\u2019entr\u00e9es lat\u00e9rales pour la distribution de l\u2019air de combustion secondaire et d\u2019un portillon pourront \u00eatre ouvert \u00e0 hauteur d\u2019homme pour permettre un chargement \u00e9ventuel du combustible de grande taille ainsi que pour le nettoyage p\u00e9riodique du br\u00fbleur.<br \/>L\u2019ensemble de la chambre de combustion est recouverte de briques en mat\u00e9riau r\u00e9fractaire de haute qualit\u00e9 avec teneur \u00e9lev\u00e9 en alumine (65%) afin d\u2019obtenir une temp\u00e9rature \u00e9lev\u00e9e (entre 800 et 1200 \u00b0 C), en optimisant ainsi la combustion.<\/p>\n<p>L\u2019\u00e9changeur de chaleur horizontal \u00e0 tours de fum\u00e9e est r\u00e9alis\u00e9 avec des tubes en acier de forte \u00e9paisseur immerg\u00e9s dans l\u2019eau avec une g\u00e9om\u00e9trie permettant de garantir un \u00e9change thermique et un rendement optimal.<\/p>\n<p>Le br\u00fbleur est de type m\u00e9canique \u00e0 vis sans fin et est \u00e9quip\u00e9 d\u2019un motovariateur du d\u00e9bit.<\/p>\n","protected":false},"excerpt":{"rendered":"<p>Chaudi\u00e8re \u00e0 biomasse, production eau chaude\/vapeur, alimentation autom. grille fixe\/mixte<\/p>\n","protected":false},"featured_media":3161,"comment_status":"closed","ping_status":"closed","template":"","meta":[],"_links":{"self":[{"href":"https:\/\/coimagroup.it\/fr\/wp-json\/wp\/v2\/product\/1540"}],"collection":[{"href":"https:\/\/coimagroup.it\/fr\/wp-json\/wp\/v2\/product"}],"about":[{"href":"https:\/\/coimagroup.it\/fr\/wp-json\/wp\/v2\/types\/product"}],"replies":[{"embeddable":true,"href":"https:\/\/coimagroup.it\/fr\/wp-json\/wp\/v2\/comments?post=1540"}],"wp:featuredmedia":[{"embeddable":true,"href":"https:\/\/coimagroup.it\/fr\/wp-json\/wp\/v2\/media\/3161"}],"wp:attachment":[{"href":"https:\/\/coimagroup.it\/fr\/wp-json\/wp\/v2\/media?parent=1540"}],"curies":[{"name":"wp","href":"https:\/\/api.w.org\/{rel}","templated":true}]}}