{"id":1542,"date":"2020-07-02T12:31:24","date_gmt":"2020-07-02T10:52:29","guid":{"rendered":"https:\/\/coimagroup.it\/prodotto\/ctm\/"},"modified":"2020-07-02T12:52:33","modified_gmt":"2020-07-02T10:52:33","slug":"ctm","status":"publish","type":"product","link":"https:\/\/coimagroup.it\/fr\/prodotto\/ctm\/","title":{"rendered":"CTM"},"content":{"rendered":"<p>Chaudi\u00e8re \u00e0 biomasse pour la production d\u2019eau chaude pour le chauffage. Elle pr\u00e9sente un corps de chaudi\u00e8re en acier, des portillons isol\u00e9s pour l\u2019inspection et le nettoyage, une embase avec une grille en fonte et un aspirateur \u00e9lectrique pour l\u2019air de combustion; le processus et le contr\u00f4le de la combustion sont g\u00e9r\u00e9s par un tableau \u00e9lectrique incorpor\u00e9.<br \/>\nElle peut \u00eatre charg\u00e9e manuellement en toute s\u00e9curit\u00e9 \u00e0 travers le grand portillon frontal.<\/p>\n<p>Puissance jusqu\u2019\u00e0 950 kW<br \/>\nCombustible: bois, briquettes, brindilles<\/p>\n","protected":false},"excerpt":{"rendered":"<p>Chaudi\u00e8re pour la production d\u2019eau chaude \u00e0 alimentation manuelle<\/p>\n","protected":false},"featured_media":3145,"comment_status":"closed","ping_status":"closed","template":"","meta":[],"_links":{"self":[{"href":"https:\/\/coimagroup.it\/fr\/wp-json\/wp\/v2\/product\/1542"}],"collection":[{"href":"https:\/\/coimagroup.it\/fr\/wp-json\/wp\/v2\/product"}],"about":[{"href":"https:\/\/coimagroup.it\/fr\/wp-json\/wp\/v2\/types\/product"}],"replies":[{"embeddable":true,"href":"https:\/\/coimagroup.it\/fr\/wp-json\/wp\/v2\/comments?post=1542"}],"wp:featuredmedia":[{"embeddable":true,"href":"https:\/\/coimagroup.it\/fr\/wp-json\/wp\/v2\/media\/3145"}],"wp:attachment":[{"href":"https:\/\/coimagroup.it\/fr\/wp-json\/wp\/v2\/media?parent=1542"}],"curies":[{"name":"wp","href":"https:\/\/api.w.org\/{rel}","templated":true}]}}