{"id":1543,"date":"2020-07-02T12:31:24","date_gmt":"2020-07-02T10:52:29","guid":{"rendered":"https:\/\/coimagroup.it\/prodotto\/gma\/"},"modified":"2020-07-02T12:52:34","modified_gmt":"2020-07-02T10:52:34","slug":"gma","status":"publish","type":"product","link":"https:\/\/coimagroup.it\/fr\/prodotto\/gma\/","title":{"rendered":"GMA"},"content":{"rendered":"<p>G\u00e9n\u00e9rateur d\u2019air chaud \u00e0 trois tours de fum\u00e9e, compos\u00e9 d\u2019un corps et d\u2019un faisceau de tuyaux d\u2019acier, surfaces expos\u00e9es aux temp\u00e9ratures plus \u00e9lev\u00e9es en acier inoxydable et br\u00fbleur en fonte avec foyer m\u00e9canique.<br \/>\n\u00c9quip\u00e9 de portillons calorifug\u00e9s pour l\u2019inspection et le nettoyage, d\u2019une tr\u00e9mie de chargement du combustible (dans le cas d\u2019une alimentation avec pellets) ou bien d\u2019un r\u00e9servoir tampon de confinement circulaire avec agitateur motoris\u00e9 (dans le cas des carburants sous forme de copeaux ou de d\u00e9chets de bois d\u00e9chiquet\u00e9s de petites dimensions), d\u2019une vis sans fin de convoyage du combustible et d\u2019un tableau \u00e9lectrique incorpor\u00e9 pour la gestion et le contr\u00f4le de l\u2019ensemble du cycle d\u2019alimentation et de combustion et \u00e9quip\u00e9 des syst\u00e8mes d\u2019alarme n\u00e9cessaires pour garantir la s\u00e9curit\u00e9.<\/p>\n","protected":false},"excerpt":{"rendered":"<p>G\u00e9n\u00e9rateur d\u2019air chaud \u00e0 alimentation manuelle ou automatique<\/p>\n","protected":false},"featured_media":3138,"comment_status":"closed","ping_status":"closed","template":"","meta":[],"_links":{"self":[{"href":"https:\/\/coimagroup.it\/fr\/wp-json\/wp\/v2\/product\/1543"}],"collection":[{"href":"https:\/\/coimagroup.it\/fr\/wp-json\/wp\/v2\/product"}],"about":[{"href":"https:\/\/coimagroup.it\/fr\/wp-json\/wp\/v2\/types\/product"}],"replies":[{"embeddable":true,"href":"https:\/\/coimagroup.it\/fr\/wp-json\/wp\/v2\/comments?post=1543"}],"wp:featuredmedia":[{"embeddable":true,"href":"https:\/\/coimagroup.it\/fr\/wp-json\/wp\/v2\/media\/3138"}],"wp:attachment":[{"href":"https:\/\/coimagroup.it\/fr\/wp-json\/wp\/v2\/media?parent=1543"}],"curies":[{"name":"wp","href":"https:\/\/api.w.org\/{rel}","templated":true}]}}