{"id":1544,"date":"2020-07-02T12:31:24","date_gmt":"2020-07-02T10:52:29","guid":{"rendered":"https:\/\/coimagroup.it\/prodotto\/gmn\/"},"modified":"2020-07-02T12:52:34","modified_gmt":"2020-07-02T10:52:34","slug":"gmn","status":"publish","type":"product","link":"https:\/\/coimagroup.it\/fr\/prodotto\/gmn\/","title":{"rendered":"GMN"},"content":{"rendered":"<p>G\u00e9n\u00e9rateur d\u2019air chaud avec grille en acier inoxydable au chrome et ventilateur de soufflage d\u2019air chaud incorpor\u00e9, fonctionnant avec des d\u00e9chets de bois solide et des briquettes (\u00e0 l\u2019exclusion des plaquettes foresti\u00e8res, des pellets et des copeaux de bois).<br \/>\nIl est charg\u00e9 manuellement en toute s\u00e9curit\u00e9 \u00e0 travers un grand portillon frontal, autonomie de 4 \u00e0 8 heures en fonction du combustible utilis\u00e9.<br \/>\nIl dispose d\u2019un tiroir pratique pour l\u2019\u00e9limination des cendres et d\u2019un tableau \u00e9lectrique incorpor\u00e9.<br \/>Puissance: de 25 \u00e0 350 kW<br \/>\nCombustible: d\u00e9chets solides de bois vierge, briquettes, brindilles de taille appropri\u00e9e<\/p>\n","protected":false},"excerpt":{"rendered":"<p>G\u00e9n\u00e9rateur d\u2019air chaud \u00e0 alimentation manuelle<\/p>\n","protected":false},"featured_media":3131,"comment_status":"closed","ping_status":"closed","template":"","meta":[],"_links":{"self":[{"href":"https:\/\/coimagroup.it\/fr\/wp-json\/wp\/v2\/product\/1544"}],"collection":[{"href":"https:\/\/coimagroup.it\/fr\/wp-json\/wp\/v2\/product"}],"about":[{"href":"https:\/\/coimagroup.it\/fr\/wp-json\/wp\/v2\/types\/product"}],"replies":[{"embeddable":true,"href":"https:\/\/coimagroup.it\/fr\/wp-json\/wp\/v2\/comments?post=1544"}],"wp:featuredmedia":[{"embeddable":true,"href":"https:\/\/coimagroup.it\/fr\/wp-json\/wp\/v2\/media\/3131"}],"wp:attachment":[{"href":"https:\/\/coimagroup.it\/fr\/wp-json\/wp\/v2\/media?parent=1544"}],"curies":[{"name":"wp","href":"https:\/\/api.w.org\/{rel}","templated":true}]}}