{"id":1545,"date":"2020-07-02T12:31:24","date_gmt":"2020-07-02T10:52:29","guid":{"rendered":"https:\/\/coimagroup.it\/prodotto\/mcy\/"},"modified":"2020-07-02T12:52:35","modified_gmt":"2020-07-02T10:52:35","slug":"mcy","status":"publish","type":"product","link":"https:\/\/coimagroup.it\/fr\/prodotto\/mcy\/","title":{"rendered":"MCY"},"content":{"rendered":"<p>Filtre collecteur de poussi\u00e8res de fum\u00e9es \u00e0 inversion de vitesse inertielle pour la captation \u00e0 basse vitesse des r\u00e9sidus de combustion gazeux gr\u00e2ce \u00e0 un nombre plus ou moins \u00e9lev\u00e9 de cyclones positionn\u00e9s en parall\u00e8le. Son efficacit\u00e9 est de l\u2019ordre de 85% ce qui permet, dans la plupart des cas de rentrer dans les limites l\u00e9gales d\u2019\u00e9missions de poussi\u00e8res sans qu\u2019il ne soit n\u00e9cessaire d\u2019ajouter d\u2019autres syst\u00e8mes de filtration.<br \/>\nCe filtre est compos\u00e9 d\u2019une structure autoportante \u00e0 d\u00e9veloppement vertical en feuilles d\u2019acier, correctement dimensionn\u00e9e et r\u00e9sistante \u00e0 des temp\u00e9ratures \u00e9lev\u00e9es. Il est, en outre, livr\u00e9 avec,  des portes d\u2019inspection pour le nettoyage p\u00e9riodique et l\u2019entretien, de pi\u00e9destaux et d\u2019un r\u00e9servoir pour la r\u00e9colte des cendres.<\/p>\n","protected":false},"excerpt":{"rendered":"<p>Multi-cyclone pour filtration des fum\u00e9es<\/p>\n","protected":false},"featured_media":3123,"comment_status":"closed","ping_status":"closed","template":"","meta":[],"_links":{"self":[{"href":"https:\/\/coimagroup.it\/fr\/wp-json\/wp\/v2\/product\/1545"}],"collection":[{"href":"https:\/\/coimagroup.it\/fr\/wp-json\/wp\/v2\/product"}],"about":[{"href":"https:\/\/coimagroup.it\/fr\/wp-json\/wp\/v2\/types\/product"}],"replies":[{"embeddable":true,"href":"https:\/\/coimagroup.it\/fr\/wp-json\/wp\/v2\/comments?post=1545"}],"wp:featuredmedia":[{"embeddable":true,"href":"https:\/\/coimagroup.it\/fr\/wp-json\/wp\/v2\/media\/3123"}],"wp:attachment":[{"href":"https:\/\/coimagroup.it\/fr\/wp-json\/wp\/v2\/media?parent=1545"}],"curies":[{"name":"wp","href":"https:\/\/api.w.org\/{rel}","templated":true}]}}