{"id":1547,"date":"2020-07-02T12:31:24","date_gmt":"2020-07-02T10:52:29","guid":{"rendered":"https:\/\/coimagroup.it\/prodotto\/uta\/"},"modified":"2020-07-02T12:52:36","modified_gmt":"2020-07-02T10:52:36","slug":"uta","status":"publish","type":"product","link":"https:\/\/coimagroup.it\/fr\/prodotto\/uta\/","title":{"rendered":"UTA"},"content":{"rendered":"<p>Ventilo-convecteur, recouvert d\u2019un double panneau de sandwich en mousse de polyur\u00e9thane expans\u00e9e, utilis\u00e9 pour la pressurisation, le chauffage et le refroidissement des milieux de travail.<br \/>\nIl contient en son sein une batterie d\u2019\u00e9change thermique eau-air \u00e0 2 ou 4 rangs, un ventilateur centrifuge \u00e0 faible bruit et un filtre de classe G4 ou de classe sup\u00e9rieure si necessaire.<\/p>\n<p>Il permet \u00e9galement le r\u00e9glage de la temp\u00e9rature et de la pression de milieux de travail tels que des cabines de peinture.<br \/>Disponible aussi sous une configuration verticale.<br \/>\nSyst\u00e8me de refroidissement \u00e0 batterie \u00e0 eau froide disponible sur demande.<\/p>\n","protected":false},"excerpt":{"rendered":"<p>Unit\u00e9 de traitement de l\u2019air pour pressurisation, chauffage et refroidissement<\/p>\n","protected":false},"featured_media":3108,"comment_status":"closed","ping_status":"closed","template":"","meta":[],"_links":{"self":[{"href":"https:\/\/coimagroup.it\/fr\/wp-json\/wp\/v2\/product\/1547"}],"collection":[{"href":"https:\/\/coimagroup.it\/fr\/wp-json\/wp\/v2\/product"}],"about":[{"href":"https:\/\/coimagroup.it\/fr\/wp-json\/wp\/v2\/types\/product"}],"replies":[{"embeddable":true,"href":"https:\/\/coimagroup.it\/fr\/wp-json\/wp\/v2\/comments?post=1547"}],"wp:featuredmedia":[{"embeddable":true,"href":"https:\/\/coimagroup.it\/fr\/wp-json\/wp\/v2\/media\/3108"}],"wp:attachment":[{"href":"https:\/\/coimagroup.it\/fr\/wp-json\/wp\/v2\/media?parent=1547"}],"curies":[{"name":"wp","href":"https:\/\/api.w.org\/{rel}","templated":true}]}}