{"id":1548,"date":"2020-07-02T12:31:24","date_gmt":"2020-07-02T10:52:29","guid":{"rendered":"https:\/\/coimagroup.it\/prodotto\/tr\/"},"modified":"2020-07-02T12:52:36","modified_gmt":"2020-07-02T10:52:36","slug":"tr","status":"publish","type":"product","link":"https:\/\/coimagroup.it\/fr\/prodotto\/tr\/","title":{"rendered":"TR"},"content":{"rendered":"<p><strong>TRC &#8211; Vis sans fin motoris\u00e9e<\/strong><br \/>\nDimensions:<br \/>\n&#8211; diam\u00e8tres de 150 \u00e0 300 mm<br \/>\n&#8211; longueurs de 1 \u00e0 8 m<br \/>\n&#8211; inclinaison sur mesure<br \/>\n&#8211; dimensions sp\u00e9ciales sur demande<\/p>\n<p><strong>TRP \u2013 Transports pneumatique<\/strong><br \/>\nDimensionn\u00e9 sur mesure en fonction de la capacit\u00e9, de la densit\u00e9, de la granulom\u00e9trie et de l\u2019humidit\u00e9 du mat\u00e9riau \u00e0 transporter.<br \/><strong>TRR &#8211; Redler<\/strong><br \/>\nSyst\u00e8me de transport \u00e0 double cha\u00eene, disponible en diff\u00e9rentes dimensions et capacit\u00e9s de transport. Id\u00e9al pour le transport de mat\u00e9riaux secs, humides et pour des dimensions allant de moyenne \u00e0 grande.<\/p>\n","protected":false},"excerpt":{"rendered":"<p>Syst\u00e8mes de transport du combustible<\/p>\n","protected":false},"featured_media":3100,"comment_status":"closed","ping_status":"closed","template":"","meta":[],"_links":{"self":[{"href":"https:\/\/coimagroup.it\/fr\/wp-json\/wp\/v2\/product\/1548"}],"collection":[{"href":"https:\/\/coimagroup.it\/fr\/wp-json\/wp\/v2\/product"}],"about":[{"href":"https:\/\/coimagroup.it\/fr\/wp-json\/wp\/v2\/types\/product"}],"replies":[{"embeddable":true,"href":"https:\/\/coimagroup.it\/fr\/wp-json\/wp\/v2\/comments?post=1548"}],"wp:featuredmedia":[{"embeddable":true,"href":"https:\/\/coimagroup.it\/fr\/wp-json\/wp\/v2\/media\/3100"}],"wp:attachment":[{"href":"https:\/\/coimagroup.it\/fr\/wp-json\/wp\/v2\/media?parent=1548"}],"curies":[{"name":"wp","href":"https:\/\/api.w.org\/{rel}","templated":true}]}}