{"id":1549,"date":"2020-07-02T12:31:24","date_gmt":"2020-07-02T10:52:29","guid":{"rendered":"https:\/\/coimagroup.it\/prodotto\/sis-2\/"},"modified":"2020-07-02T12:52:37","modified_gmt":"2020-07-02T10:52:37","slug":"sis-2","status":"publish","type":"product","link":"https:\/\/coimagroup.it\/fr\/prodotto\/sis-2\/","title":{"rendered":"SIS"},"content":{"rendered":"<p>Silo de stockage pour copeaux de bois \u00e0 section circulaire, r\u00e9alis\u00e9 en t\u00f4le d\u2019acier de haute \u00e9paisseur calandr\u00e9e et int\u00e9gralement galvanis\u00e9e \u00e0 chaud. Chambre de stockage (20 \u00e0 500 m3 de capacit\u00e9) avec extracteur motoris\u00e9 de type \u00e0 cardans (jusqu\u2019\u00e0 140 m3) ou avec extraction par le biais d\u2019un syst\u00e8me pneumatique (extr\u00eamement robuste et rapide).<br \/>\nCe dernier, gr\u00e2ce a un r\u00e9servoir tampon automatique, permet trois modalit\u00e9s diff\u00e9rentes de vidange qui pourraient \u00eatre utilis\u00e9es simultan\u00e9ment (d\u00e9chargement dans sac, big bag, briqueteuse, transfert pneumatique ou m\u00e9canique, etc.).<br \/>Dans la version standard, il est \u00e9quip\u00e9 de syst\u00e8mes de s\u00e9curit\u00e9 contre l\u2019incendie et l\u2019explosion: panneaux anti d\u00e9flagration certifi\u00e9s Atex, anneau hydrique anti incendie \u00e9quip\u00e9 d\u2019un sprinkler et \u00e9quipements \u00e9lectroniques certifi\u00e9s Atex.<\/p>\n","protected":false},"excerpt":{"rendered":"<p>Silo de stockage<\/p>\n","protected":false},"featured_media":3175,"comment_status":"closed","ping_status":"closed","template":"","meta":[],"_links":{"self":[{"href":"https:\/\/coimagroup.it\/fr\/wp-json\/wp\/v2\/product\/1549"}],"collection":[{"href":"https:\/\/coimagroup.it\/fr\/wp-json\/wp\/v2\/product"}],"about":[{"href":"https:\/\/coimagroup.it\/fr\/wp-json\/wp\/v2\/types\/product"}],"replies":[{"embeddable":true,"href":"https:\/\/coimagroup.it\/fr\/wp-json\/wp\/v2\/comments?post=1549"}],"wp:featuredmedia":[{"embeddable":true,"href":"https:\/\/coimagroup.it\/fr\/wp-json\/wp\/v2\/media\/3175"}],"wp:attachment":[{"href":"https:\/\/coimagroup.it\/fr\/wp-json\/wp\/v2\/media?parent=1549"}],"curies":[{"name":"wp","href":"https:\/\/api.w.org\/{rel}","templated":true}]}}