{"id":1550,"date":"2020-07-02T12:31:30","date_gmt":"2020-07-02T10:52:38","guid":{"rendered":"https:\/\/coimagroup.it\/prodotto\/mnc\/"},"modified":"2020-07-02T12:52:38","modified_gmt":"2020-07-02T10:52:38","slug":"mnc","status":"publish","type":"product","link":"https:\/\/coimagroup.it\/fr\/prodotto\/mnc\/","title":{"rendered":"MNC"},"content":{"rendered":"<p>Utilis\u00e9 dans tout type d\u2019installation dans laquelle une diminution du volume des d\u00e9chets et\/ou des rebuts solides s\u2019impose, il permet, dans le cas du bois, de utiliser les d\u00e9chets dans des chaudi\u00e8res \u00e0 alimentation automatique.<br \/>\nCon\u00e7u et construit pour supporter des cycles de traitement tr\u00e8s on\u00e9reux, il garantit une productivit\u00e9 \u00e9lev\u00e9e et une grande fiabilit\u00e9 au fil du temps.<br \/>\n\u00c9quip\u00e9 d\u2019un <strong>tableau \u00e9lectronique du type automate programmable industriel (PLC) avec des fonctions sp\u00e9ciales<\/strong> pour l\u2019extinction automatique en cas d\u2019absence de mat\u00e9riau, inversion du sens de la marche en cas d\u2019absorption excessive et contr\u00f4le de la vitesse du rotor par le biais d\u2019un inverseur (en option).<br \/>Les <strong>outils de coupe fix\u00e9s avec des vis sont r\u00e9versibles, les porte-outils boulonn\u00e9s (non soud\u00e9s) sont interchangeables<\/strong>.<br \/>\nPossibilit\u00e9 de <strong>d\u00e9chargement lat\u00e9ral<\/strong> \u00e0 l\u2019aide d\u2019une vis sans fin ou d\u00e9chargement aspir\u00e9 devant \u00eatre reli\u00e9 \u00e0 l\u2019installation d\u2019aspiration centralis\u00e9e ou \u00e0 l\u2019aspirateur de transvasement.<br \/>\nil est possible d\u2019ajouter le <strong>s\u00e9parateur de fer magn\u00e9tique<\/strong> \u00e0 haute efficience permettant d\u2019arr\u00eater tous les composants m\u00e9talliques qui sont pr\u00e9sents dans le bois broy\u00e9.<\/p>\n<p>Puissance: de 11 \u00e0 90 kW<br \/>\nProductivit\u00e9: de 150 \u00e0 2500 kg\/h<\/p>\n","protected":false},"excerpt":{"rendered":"<p>Broyeur<\/p>\n","protected":false},"featured_media":3092,"comment_status":"closed","ping_status":"closed","template":"","meta":[],"_links":{"self":[{"href":"https:\/\/coimagroup.it\/fr\/wp-json\/wp\/v2\/product\/1550"}],"collection":[{"href":"https:\/\/coimagroup.it\/fr\/wp-json\/wp\/v2\/product"}],"about":[{"href":"https:\/\/coimagroup.it\/fr\/wp-json\/wp\/v2\/types\/product"}],"replies":[{"embeddable":true,"href":"https:\/\/coimagroup.it\/fr\/wp-json\/wp\/v2\/comments?post=1550"}],"wp:featuredmedia":[{"embeddable":true,"href":"https:\/\/coimagroup.it\/fr\/wp-json\/wp\/v2\/media\/3092"}],"wp:attachment":[{"href":"https:\/\/coimagroup.it\/fr\/wp-json\/wp\/v2\/media?parent=1550"}],"curies":[{"name":"wp","href":"https:\/\/api.w.org\/{rel}","templated":true}]}}