{"id":1551,"date":"2020-07-02T12:31:30","date_gmt":"2020-07-02T10:52:38","guid":{"rendered":"https:\/\/coimagroup.it\/prodotto\/hmr\/"},"modified":"2020-07-02T12:52:39","modified_gmt":"2020-07-02T10:52:39","slug":"hmr","status":"publish","type":"product","link":"https:\/\/coimagroup.it\/fr\/prodotto\/hmr\/","title":{"rendered":"HMR"},"content":{"rendered":"<p>Utilis\u00e9 dans n\u2019importe quel type d\u2019installation pour affiner les d\u00e9chets de copeaux ou de plaquettes foresti\u00e8res, pour ensuite alimenter des chaudi\u00e8res ou des presses de bouletage.<br \/>\nCon\u00e7u et construit pour supporter des cycles de traitement tr\u00e8s on\u00e9reux, en garantissant une productivit\u00e9 et une fiabilit\u00e9 \u00e9lev\u00e9es au fil du temps.<\/p>\n<p>\u00c9quip\u00e9 d\u2019un <strong>tableau \u00e9lectronique du type automate programmable industriel avec des fonctions sp\u00e9ciales<\/strong> comme l\u2019extinction automatique en cas d\u2019absence de mat\u00e9riaux et le contr\u00f4le par le biais d\u2019un inverseur (en option).<br \/>Possibilit\u00e9 de d\u00e9chargement de la mati\u00e8re broy\u00e9e par vis sans fin ou d\u2019un d\u00e9chargement aspir\u00e9 \u00e0 connecter au syst\u00e8me central d\u2019aspiration.<\/p>\n<p>Puissance: de 11 \u00e0 75 kW<br \/>\nProductivit\u00e9: de 150 \u00e0 1500 kg\/h<\/p>\n","protected":false},"excerpt":{"rendered":"<p>Raffineur<\/p>\n","protected":false},"featured_media":3084,"comment_status":"closed","ping_status":"closed","template":"","meta":[],"_links":{"self":[{"href":"https:\/\/coimagroup.it\/fr\/wp-json\/wp\/v2\/product\/1551"}],"collection":[{"href":"https:\/\/coimagroup.it\/fr\/wp-json\/wp\/v2\/product"}],"about":[{"href":"https:\/\/coimagroup.it\/fr\/wp-json\/wp\/v2\/types\/product"}],"replies":[{"embeddable":true,"href":"https:\/\/coimagroup.it\/fr\/wp-json\/wp\/v2\/comments?post=1551"}],"wp:featuredmedia":[{"embeddable":true,"href":"https:\/\/coimagroup.it\/fr\/wp-json\/wp\/v2\/media\/3084"}],"wp:attachment":[{"href":"https:\/\/coimagroup.it\/fr\/wp-json\/wp\/v2\/media?parent=1551"}],"curies":[{"name":"wp","href":"https:\/\/api.w.org\/{rel}","templated":true}]}}