{"id":1552,"date":"2020-07-02T12:31:30","date_gmt":"2020-07-02T10:52:38","guid":{"rendered":"https:\/\/coimagroup.it\/prodotto\/brc\/"},"modified":"2020-07-02T12:52:39","modified_gmt":"2020-07-02T10:52:39","slug":"brc","status":"publish","type":"product","link":"https:\/\/coimagroup.it\/fr\/prodotto\/brc\/","title":{"rendered":"BRC"},"content":{"rendered":"<p>Presse pour le compactage des d\u00e9chets, compacte n\u2019importe quel type de copeaux, en en r\u00e9duisant le volume jusqu\u2019\u00e0 6 fois.<br \/>\nLe compactage se fait par un piston \u00e0 circuits hydrauliques \u00e0 huile qui pousse le copeau \u00e0 travers un conduit calibr\u00e9 pr\u00e9contraint. <\/p>\n<p>\u00c9quip\u00e9 d\u2019un tableau \u00e9lectrique PLC \u00e0 \u00e9cran tactile permettant de personnaliser les cycles de travail et de r\u00e9gler facilement le fonctionnement.<br \/>Le compactage des d\u00e9chets de bois sous la forme de cylindres press\u00e9s permet leur remise en valeur dans des g\u00e9n\u00e9rateurs de chaleur appropri\u00e9s.<\/p>\n<p>Puissance : de 11 \u00e0 11 kW<br \/>\nProductivit\u00e9 : de 30 \u00e0 210 kg\/h<\/p>\n","protected":false},"excerpt":{"rendered":"<p>Briqueteuse<\/p>\n","protected":false},"featured_media":3077,"comment_status":"closed","ping_status":"closed","template":"","meta":[],"_links":{"self":[{"href":"https:\/\/coimagroup.it\/fr\/wp-json\/wp\/v2\/product\/1552"}],"collection":[{"href":"https:\/\/coimagroup.it\/fr\/wp-json\/wp\/v2\/product"}],"about":[{"href":"https:\/\/coimagroup.it\/fr\/wp-json\/wp\/v2\/types\/product"}],"replies":[{"embeddable":true,"href":"https:\/\/coimagroup.it\/fr\/wp-json\/wp\/v2\/comments?post=1552"}],"wp:featuredmedia":[{"embeddable":true,"href":"https:\/\/coimagroup.it\/fr\/wp-json\/wp\/v2\/media\/3077"}],"wp:attachment":[{"href":"https:\/\/coimagroup.it\/fr\/wp-json\/wp\/v2\/media?parent=1552"}],"curies":[{"name":"wp","href":"https:\/\/api.w.org\/{rel}","templated":true}]}}