{"id":1553,"date":"2020-07-02T12:31:30","date_gmt":"2020-07-02T10:52:38","guid":{"rendered":"https:\/\/coimagroup.it\/prodotto\/elb\/"},"modified":"2020-07-02T12:52:40","modified_gmt":"2020-07-02T10:52:40","slug":"elb","status":"publish","type":"product","link":"https:\/\/coimagroup.it\/fr\/prodotto\/elb\/","title":{"rendered":"ELB"},"content":{"rendered":"<p>Extracteur destin\u00e9 \u00e0 \u00eatre install\u00e9 \u00e0 l\u2019int\u00e9rieur de silos en ma\u00e7onnerie ou de conteneurs m\u00e9talliques, permettant l\u2019extraction de copeaux, de plaquettes foresti\u00e8res (max G30), de pellets et d\u2019autres biomasses commerciales \u00e0 faible teneur en humidit\u00e9. Constitu\u00e9 de deux ressorts en arbal\u00e8te faits d\u2019acier harmonique, qui poussent le mat\u00e9riel vers une vis sans fin d\u2019\u00e9vacuation (dont la longueur et l\u2019inclinaison sont personnalisables) qui transporte le mat\u00e9riau vers l\u2019ext\u00e9rieur, habituellement directement dans la centrale thermique.<\/p>\n<p>Dimensions personnalisables:<br \/>\ndiam\u00e8tre max. arbal\u00e8tes = 4 m<br \/>\nlongueur max. vis = 7 m<\/p>\n","protected":false},"excerpt":{"rendered":"<p>Extracteur de vis et arbal\u00e8tes<\/p>\n","protected":false},"featured_media":3063,"comment_status":"closed","ping_status":"closed","template":"","meta":[],"_links":{"self":[{"href":"https:\/\/coimagroup.it\/fr\/wp-json\/wp\/v2\/product\/1553"}],"collection":[{"href":"https:\/\/coimagroup.it\/fr\/wp-json\/wp\/v2\/product"}],"about":[{"href":"https:\/\/coimagroup.it\/fr\/wp-json\/wp\/v2\/types\/product"}],"replies":[{"embeddable":true,"href":"https:\/\/coimagroup.it\/fr\/wp-json\/wp\/v2\/comments?post=1553"}],"wp:featuredmedia":[{"embeddable":true,"href":"https:\/\/coimagroup.it\/fr\/wp-json\/wp\/v2\/media\/3063"}],"wp:attachment":[{"href":"https:\/\/coimagroup.it\/fr\/wp-json\/wp\/v2\/media?parent=1553"}],"curies":[{"name":"wp","href":"https:\/\/api.w.org\/{rel}","templated":true}]}}