{"id":1554,"date":"2020-07-02T12:31:30","date_gmt":"2020-07-02T10:52:38","guid":{"rendered":"https:\/\/coimagroup.it\/prodotto\/esp\/"},"modified":"2020-07-02T12:52:40","modified_gmt":"2020-07-02T10:52:40","slug":"esp","status":"publish","type":"product","link":"https:\/\/coimagroup.it\/fr\/prodotto\/esp\/","title":{"rendered":"ESP"},"content":{"rendered":"<p>Extracteur \u00e0 plans mobiles \u00e0 avancement alternatif, \u00e0 installer \u00e0 l\u2019int\u00e9rieur de silos en ma\u00e7onnerie construits selon les diff\u00e9rents besoins, permettant de proc\u00e9der \u00e0 l\u2019extraction de copeaux, de plaquettes foresti\u00e8res, de biomasses commerciales, m\u00eame pr\u00e9sentant un taux d\u2019humidit\u00e9 \u00e9lev\u00e9.<br \/>\nLes v\u00e9rins hydrauliques qui permettent le d\u00e9placement du plateau mobile, aliment\u00e9s par des centrales hydrauliques \u00e0 huile pr\u00e9sentant une puissance appropri\u00e9e, poussent la biomasse vers l\u2019une des deux extr\u00e9mit\u00e9s du silo en ma\u00e7onnerie. Dans cette extr\u00e9mit\u00e9 se trouve une vis sans fin transversale ou un redler (selon les besoins), qui permet l\u2019extraction et le transfert dans la centrale thermique ou, \u00e9ventuellement, sur des camions ou des conteneurs.<\/p>\n","protected":false},"excerpt":{"rendered":"<p>Extracteur \u00e0 plans mobiles<\/p>\n","protected":false},"featured_media":3055,"comment_status":"closed","ping_status":"closed","template":"","meta":[],"_links":{"self":[{"href":"https:\/\/coimagroup.it\/fr\/wp-json\/wp\/v2\/product\/1554"}],"collection":[{"href":"https:\/\/coimagroup.it\/fr\/wp-json\/wp\/v2\/product"}],"about":[{"href":"https:\/\/coimagroup.it\/fr\/wp-json\/wp\/v2\/types\/product"}],"replies":[{"embeddable":true,"href":"https:\/\/coimagroup.it\/fr\/wp-json\/wp\/v2\/comments?post=1554"}],"wp:featuredmedia":[{"embeddable":true,"href":"https:\/\/coimagroup.it\/fr\/wp-json\/wp\/v2\/media\/3055"}],"wp:attachment":[{"href":"https:\/\/coimagroup.it\/fr\/wp-json\/wp\/v2\/media?parent=1554"}],"curies":[{"name":"wp","href":"https:\/\/api.w.org\/{rel}","templated":true}]}}