{"id":1555,"date":"2020-07-02T12:31:30","date_gmt":"2020-07-02T10:52:38","guid":{"rendered":"https:\/\/coimagroup.it\/prodotto\/cpt\/"},"modified":"2020-07-02T12:52:40","modified_gmt":"2020-07-02T10:52:40","slug":"cpt","status":"publish","type":"product","link":"https:\/\/coimagroup.it\/fr\/prodotto\/cpt\/","title":{"rendered":"CPT"},"content":{"rendered":"<p>En t\u00f4le d\u2019acier galvanis\u00e9e de grande \u00e9paisseur, permettant le stockage de copeaux, de plaquettes foresti\u00e8res, de biomasses commerciales, m\u00eame pr\u00e9sentant une teneur en humidit\u00e9 \u00e9lev\u00e9e.<\/p>\n<p>\u00c9quip\u00e9 d\u2019un extracteur \u00e0 plan mobile \u00e0 mouvement alternatif et d\u2019une vis sans fin transversale pour l\u2019\u00e9vacuation du mat\u00e9riel, qui est charg\u00e9 par le haut \u00e0 travers les portillons de chargement \u00e0 ouverture assist\u00e9e au moyen de pistons pneumatiques.<\/p>\n<p>Equip\u00e9 de centrale ol\u00e9odynamique.<\/p>\n","protected":false},"excerpt":{"rendered":"<p>R\u00e9cipient d\u00e9posable de stockage avec extracteur \u00e0 plans mobiles<\/p>\n","protected":false},"featured_media":3048,"comment_status":"closed","ping_status":"closed","template":"","meta":[],"_links":{"self":[{"href":"https:\/\/coimagroup.it\/fr\/wp-json\/wp\/v2\/product\/1555"}],"collection":[{"href":"https:\/\/coimagroup.it\/fr\/wp-json\/wp\/v2\/product"}],"about":[{"href":"https:\/\/coimagroup.it\/fr\/wp-json\/wp\/v2\/types\/product"}],"replies":[{"embeddable":true,"href":"https:\/\/coimagroup.it\/fr\/wp-json\/wp\/v2\/comments?post=1555"}],"wp:featuredmedia":[{"embeddable":true,"href":"https:\/\/coimagroup.it\/fr\/wp-json\/wp\/v2\/media\/3048"}],"wp:attachment":[{"href":"https:\/\/coimagroup.it\/fr\/wp-json\/wp\/v2\/media?parent=1555"}],"curies":[{"name":"wp","href":"https:\/\/api.w.org\/{rel}","templated":true}]}}