{"id":1556,"date":"2020-07-02T12:31:30","date_gmt":"2020-07-02T10:52:38","guid":{"rendered":"https:\/\/coimagroup.it\/prodotto\/cvs\/"},"modified":"2020-07-02T12:52:41","modified_gmt":"2020-07-02T10:52:41","slug":"cvs","status":"publish","type":"product","link":"https:\/\/coimagroup.it\/fr\/prodotto\/cvs\/","title":{"rendered":"CVS"},"content":{"rendered":"<p>La cabine enti\u00e8rement r\u00e9alis\u00e9e en panneaux d\u2019acier galvanis\u00e9 form\u00e9s \u00e0 la presse permet l\u2019aspiration et la r\u00e9duction des pigments et des exhalaisons de peinture pour pulv\u00e9risation avec des solvants synth\u00e9tiques, organiques et \u00e0 base d\u2019eau.<br \/>\nLa filtration de pigments de peinture est r\u00e9alis\u00e9e \u00e0 travers une paroi aspirante en carton ondul\u00e9 (premi\u00e8re \u00e9tape de filtration grossi\u00e8re) et un filtre en fibres synth\u00e9tiques plac\u00e9 dans des tiroirs faciles \u00e0 extraire (deuxi\u00e8me \u00e9tape de filtration fine).<br \/>&#8211; Possibilit\u00e9 adjonction d\u2019un stade de <strong>filtration \u00e0 charbons actifs<\/strong> pour r\u00e9duire les odeurs de solvants.<br \/>\n&#8211; Possibilit\u00e9 de <strong>rev\u00eatement int\u00e9rieur et de pr\u00e9-filtration avec des panneaux en mati\u00e8re plastique anti-adh\u00e9rente<\/strong>.<br \/>\n&#8211; Possibilit\u00e9 de <strong>gestion de d\u00e9bit d\u2019aspiration par le biais d\u2019un inverseur<\/strong>.<br \/>\n&#8211; <strong>Conformit\u00e9 Atex<\/strong> sur demande.<\/p>\n","protected":false},"excerpt":{"rendered":"<p>Cabine de peinture \u00e0 sec<\/p>\n","protected":false},"featured_media":3211,"comment_status":"closed","ping_status":"closed","template":"","meta":[],"_links":{"self":[{"href":"https:\/\/coimagroup.it\/fr\/wp-json\/wp\/v2\/product\/1556"}],"collection":[{"href":"https:\/\/coimagroup.it\/fr\/wp-json\/wp\/v2\/product"}],"about":[{"href":"https:\/\/coimagroup.it\/fr\/wp-json\/wp\/v2\/types\/product"}],"replies":[{"embeddable":true,"href":"https:\/\/coimagroup.it\/fr\/wp-json\/wp\/v2\/comments?post=1556"}],"wp:featuredmedia":[{"embeddable":true,"href":"https:\/\/coimagroup.it\/fr\/wp-json\/wp\/v2\/media\/3211"}],"wp:attachment":[{"href":"https:\/\/coimagroup.it\/fr\/wp-json\/wp\/v2\/media?parent=1556"}],"curies":[{"name":"wp","href":"https:\/\/api.w.org\/{rel}","templated":true}]}}