{"id":1557,"date":"2020-07-02T12:31:30","date_gmt":"2020-07-02T10:52:38","guid":{"rendered":"https:\/\/coimagroup.it\/prodotto\/cva\/"},"modified":"2020-07-02T12:52:41","modified_gmt":"2020-07-02T10:52:41","slug":"cva","status":"publish","type":"product","link":"https:\/\/coimagroup.it\/fr\/prodotto\/cva\/","title":{"rendered":"CVA"},"content":{"rendered":"<p>La cabine enti\u00e8rement r\u00e9alis\u00e9e en panneaux d\u2019acier galvanis\u00e9 form\u00e9s \u00e0 la presse permet l\u2019aspiration et la r\u00e9duction des pigments et des exhalaisons de peinture par pulv\u00e9risation avec des solvants synth\u00e9tiques, organiques et \u00e0 base d\u2019eau.<br \/>\nLa filtration des pigments de peinture est r\u00e9alis\u00e9e \u00e0 travers un voile d\u2019eau frontal qui s\u2019\u00e9coule sur une paroi en t\u00f4le galvanis\u00e9e pr\u00e9-peinte (premi\u00e8re \u00e9tape de filtration grossi\u00e8re), un s\u00e9parateur de gouttelettes et un filtre en fibres synth\u00e9tiques (deuxi\u00e8me \u00e9tape de filtration fine), tous les deux contenus dans des tiroirs faciles \u00e0 extraire.<br \/>&#8211; Possibilit\u00e9 de <strong>simple ou double voile d\u2019eau<\/strong>.<br \/>\n&#8211; Possibilit\u00e9 de <strong>gestion du d\u00e9bit d\u2019aspiration par le biais d\u2019un inverseur<\/strong>.<br \/>\n&#8211; <strong>Conformit\u00e9 Atex<\/strong> sur demande.<\/p>\n","protected":false},"excerpt":{"rendered":"<p>Cabine de peinture \u00e0 voile d\u2019eau<\/p>\n","protected":false},"featured_media":3190,"comment_status":"closed","ping_status":"closed","template":"","meta":[],"_links":{"self":[{"href":"https:\/\/coimagroup.it\/fr\/wp-json\/wp\/v2\/product\/1557"}],"collection":[{"href":"https:\/\/coimagroup.it\/fr\/wp-json\/wp\/v2\/product"}],"about":[{"href":"https:\/\/coimagroup.it\/fr\/wp-json\/wp\/v2\/types\/product"}],"replies":[{"embeddable":true,"href":"https:\/\/coimagroup.it\/fr\/wp-json\/wp\/v2\/comments?post=1557"}],"wp:featuredmedia":[{"embeddable":true,"href":"https:\/\/coimagroup.it\/fr\/wp-json\/wp\/v2\/media\/3190"}],"wp:attachment":[{"href":"https:\/\/coimagroup.it\/fr\/wp-json\/wp\/v2\/media?parent=1557"}],"curies":[{"name":"wp","href":"https:\/\/api.w.org\/{rel}","templated":true}]}}