{"id":1558,"date":"2020-07-02T12:31:30","date_gmt":"2020-07-02T10:52:38","guid":{"rendered":"https:\/\/coimagroup.it\/prodotto\/cvp\/"},"modified":"2020-07-02T12:52:42","modified_gmt":"2020-07-02T10:52:42","slug":"cvp","status":"publish","type":"product","link":"https:\/\/coimagroup.it\/fr\/prodotto\/cvp\/","title":{"rendered":"CVP"},"content":{"rendered":"<p>Las cabine enti\u00e8rement r\u00e9alis\u00e9e en <strong>mati\u00e8re plastique anti-adh\u00e9rente<\/strong> de grande \u00e9paisseur, permet l\u2019aspiration et la r\u00e9duction des pigments et des exhalaisons de peinture par pulv\u00e9risation contenant des solvants synth\u00e9tiques, organiques et \u00e0 base d\u2019eau.<br \/>\nDans la cabine \u00e0 sec, le premier stade de filtration grossi\u00e8re, qui arr\u00eate environ 90% de la pulv\u00e9risation, est r\u00e9alis\u00e9 \u00e0 travers les panneaux en mat\u00e9riau anti-adh\u00e9rent extr\u00eamement facile \u00e0 nettoyer. La filtration successive se fait \u00e0 travers une paroi d\u2019aspiration en carton ondul\u00e9 et un filtre en fibres synth\u00e9tiques contenus dans des tiroirs faciles \u00e0 extraire.<br \/>&#8211; Possibilit\u00e9 s\u2019adjonction d\u2019un stade de <strong>filtration \u00e0 charbons actifs<\/strong> pour r\u00e9duire les odeurs de solvants.<br \/>\n&#8211; <strong>Gestion automatique du d\u00e9bit d\u2019aspiration par le biais d\u2019un inverseur.<\/strong><br \/>\n&#8211; <strong>Conforme aux normes Atex.<\/strong><\/p>\n","protected":false},"excerpt":{"rendered":"<p>Cabine de peinture en mati\u00e8re plastique anti-adh\u00e9rente<\/p>\n","protected":false},"featured_media":3183,"comment_status":"closed","ping_status":"closed","template":"","meta":[],"_links":{"self":[{"href":"https:\/\/coimagroup.it\/fr\/wp-json\/wp\/v2\/product\/1558"}],"collection":[{"href":"https:\/\/coimagroup.it\/fr\/wp-json\/wp\/v2\/product"}],"about":[{"href":"https:\/\/coimagroup.it\/fr\/wp-json\/wp\/v2\/types\/product"}],"replies":[{"embeddable":true,"href":"https:\/\/coimagroup.it\/fr\/wp-json\/wp\/v2\/comments?post=1558"}],"wp:featuredmedia":[{"embeddable":true,"href":"https:\/\/coimagroup.it\/fr\/wp-json\/wp\/v2\/media\/3183"}],"wp:attachment":[{"href":"https:\/\/coimagroup.it\/fr\/wp-json\/wp\/v2\/media?parent=1558"}],"curies":[{"name":"wp","href":"https:\/\/api.w.org\/{rel}","templated":true}]}}