{"id":1559,"date":"2020-07-02T12:31:30","date_gmt":"2020-07-02T10:52:38","guid":{"rendered":"https:\/\/coimagroup.it\/prodotto\/rvm\/"},"modified":"2020-07-02T12:52:42","modified_gmt":"2020-07-02T10:52:42","slug":"rvm","status":"publish","type":"product","link":"https:\/\/coimagroup.it\/fr\/prodotto\/rvm\/","title":{"rendered":"RVM"},"content":{"rendered":"<p>Form\u00e9 d\u2019une paroi, enti\u00e8rement r\u00e9alis\u00e9e en un mat\u00e9riau anti-adh\u00e9rent de grande \u00e9paisseur, que l\u2019on interpose entre la pi\u00e8ce \u00e0 peindre et la cabine d\u2019aspiration.<br \/>\n<strong>Il permet de r\u00e9cup\u00e9rer environ 90% de l\u2019exc\u00e8s de pulv\u00e9risation<\/strong>, \u00e0 savoir la peinture qui est normalement perdue parce qu\u2019elle n\u2019adh\u00e8re pas \u00e0 la pi\u00e8ce peinte.<br \/>\nLa paroi est maintenue constamment humidifi\u00e9e par l\u2019interm\u00e9diaire de buses \u00e0 ouverture r\u00e9glable, de fa\u00e7on \u00e0 toujours maintenir une viscosit\u00e9 correcte de la peinture.<br \/>La peinture qui adh\u00e8re \u00e0 la paroi peut \u00eatre, \u00e0 la fin du cycle de traitement, ais\u00e9ment r\u00e9colt\u00e9e \u00e0 l\u2019aide d\u2019une raclette, filtr\u00e9e, m\u00e9lang\u00e9e avec de la peinture neuve et <strong>r\u00e9utilis\u00e9e int\u00e9gralement<\/strong> tout en conservant les <strong>m\u00eames caract\u00e9ristiques chimiques que le produit initial<\/strong>.<br \/>\nCela permet de <strong>r\u00e9duire de 45% le co\u00fbt de la peinture et de r\u00e9duire de 90% le co\u00fbt des filtres de la cabine<\/strong>.<br \/>\nLa paroi peut \u00eatre \u00e9quip\u00e9e avec une aspiration int\u00e9gr\u00e9e et peut \u00e9ventuellement coulisser sur des guides, de mani\u00e8re \u00e0 se d\u00e9placer loin de l\u2019op\u00e9rateur et de permettre la rotation de la barre de transport des articles manufactur\u00e9s, en cas d\u2019utilisation dans des installations de peinture automatique. Exclusivement compatible avec des peintures \u00e0 base d\u2019eau \u00e0 un seul composant.<\/p>\n","protected":false},"excerpt":{"rendered":"<p>Syst\u00e8me de r\u00e9cup\u00e9ration de la peinture \u00e0 paroi fixe<\/p>\n","protected":false},"featured_media":3225,"comment_status":"closed","ping_status":"closed","template":"","meta":[],"_links":{"self":[{"href":"https:\/\/coimagroup.it\/fr\/wp-json\/wp\/v2\/product\/1559"}],"collection":[{"href":"https:\/\/coimagroup.it\/fr\/wp-json\/wp\/v2\/product"}],"about":[{"href":"https:\/\/coimagroup.it\/fr\/wp-json\/wp\/v2\/types\/product"}],"replies":[{"embeddable":true,"href":"https:\/\/coimagroup.it\/fr\/wp-json\/wp\/v2\/comments?post=1559"}],"wp:featuredmedia":[{"embeddable":true,"href":"https:\/\/coimagroup.it\/fr\/wp-json\/wp\/v2\/media\/3225"}],"wp:attachment":[{"href":"https:\/\/coimagroup.it\/fr\/wp-json\/wp\/v2\/media?parent=1559"}],"curies":[{"name":"wp","href":"https:\/\/api.w.org\/{rel}","templated":true}]}}