{"id":1560,"date":"2020-07-02T12:31:30","date_gmt":"2020-07-02T10:52:38","guid":{"rendered":"https:\/\/coimagroup.it\/prodotto\/rva\/"},"modified":"2020-07-02T12:52:42","modified_gmt":"2020-07-02T10:52:42","slug":"rva","status":"publish","type":"product","link":"https:\/\/coimagroup.it\/fr\/prodotto\/rva\/","title":{"rendered":"RVA"},"content":{"rendered":"<p>Form\u00e9 d\u2019un tapis coulissant, enti\u00e8rement r\u00e9alis\u00e9 avec un mat\u00e9riau anti-adh\u00e9rent de grande \u00e9paisseur, que l\u2019on interpose entre la pi\u00e8ce \u00e0 peindre et la cabine d\u2019aspiration.<br \/>\n<strong>Il permet de r\u00e9cup\u00e9rer environ 90% de l\u2019exc\u00e8s de pulv\u00e9risation<\/strong>, \u00e0 savoir la peinture qui est normalement perdue parce qu\u2019elle n\u2019adh\u00e8re pas \u00e0 la pi\u00e8ce peinte.<br \/>\nLe tapis est maintenu constamment humidifi\u00e9 par l\u2019interm\u00e9diaire de buses \u00e0 ouverture r\u00e9glable, de fa\u00e7on \u00e0 toujours maintenir une viscosit\u00e9 correcte de la peinture.<br \/>La peinture qui adh\u00e8re \u00e0 la paroi est automatiquement s\u00e9par\u00e9e par une raclette sur le c\u00f4t\u00e9 post\u00e9rieur de la machine; une fois filtr\u00e9e et m\u00e9lang\u00e9e avec de la nouvelle peinture, la peinture r\u00e9cup\u00e9r\u00e9e peut \u00eatre <strong>r\u00e9utilis\u00e9e int\u00e9gralement<\/strong>, tout en conservant les <strong>m\u00eames caract\u00e9ristiques chimiques que le produit initial<\/strong>.<br \/>\nLa machine proc\u00e8de automatiquement au nettoyage du tapis \u00e0 la fin du cycle, ce qui permet des <strong>changements de couleur rapides<\/strong>. Cela permet de <strong>r\u00e9duire de 45% le co\u00fbt de la peinture<\/strong> et de <strong>r\u00e9duire de 90% le co\u00fbt des filtres de la cabine<\/strong>. La paroi peut \u00eatre \u00e9quip\u00e9e avec une aspiration int\u00e9gr\u00e9e et peut \u00e9ventuellement coulisser sur des guides, de mani\u00e8re \u00e0 se d\u00e9placer loin de l\u2019op\u00e9rateur et de permettre la rotation de la barre de transport des articles manufactur\u00e9s, en cas d\u2019utilisation dans des installations de peinture automatique. Exclusivement compatible avec des peintures \u00e0 base d\u2019eau \u00e0 un seul composant.<\/p>\n","protected":false},"excerpt":{"rendered":"<p>Syst\u00e8me de r\u00e9cup\u00e9ration de peintures \u00e0 ruban continu<\/p>\n","protected":false},"featured_media":3232,"comment_status":"closed","ping_status":"closed","template":"","meta":[],"_links":{"self":[{"href":"https:\/\/coimagroup.it\/fr\/wp-json\/wp\/v2\/product\/1560"}],"collection":[{"href":"https:\/\/coimagroup.it\/fr\/wp-json\/wp\/v2\/product"}],"about":[{"href":"https:\/\/coimagroup.it\/fr\/wp-json\/wp\/v2\/types\/product"}],"replies":[{"embeddable":true,"href":"https:\/\/coimagroup.it\/fr\/wp-json\/wp\/v2\/comments?post=1560"}],"wp:featuredmedia":[{"embeddable":true,"href":"https:\/\/coimagroup.it\/fr\/wp-json\/wp\/v2\/media\/3232"}],"wp:attachment":[{"href":"https:\/\/coimagroup.it\/fr\/wp-json\/wp\/v2\/media?parent=1560"}],"curies":[{"name":"wp","href":"https:\/\/api.w.org\/{rel}","templated":true}]}}