{"id":1563,"date":"2020-07-02T12:31:30","date_gmt":"2020-07-02T10:52:38","guid":{"rendered":"https:\/\/coimagroup.it\/prodotto\/box\/"},"modified":"2020-07-02T12:52:44","modified_gmt":"2020-07-02T10:52:44","slug":"box","status":"publish","type":"product","link":"https:\/\/coimagroup.it\/fr\/prodotto\/box\/","title":{"rendered":"BOX"},"content":{"rendered":"<p>Il s\u2019agit d\u2019un local r\u00e9alis\u00e9 en <strong>panneaux en sandwich calorifug\u00e9s autoportants<\/strong>, recouvert de t\u00f4le galvanis\u00e9e pr\u00e9-peinte. Il permet la r\u00e9alisation en son sein d\u2019op\u00e9rations de peinture et de s\u00e9chage des pi\u00e8ces dans une <strong>atmosph\u00e8re enti\u00e8rement exempte de poussi\u00e8res et \u00e0 une temp\u00e9rature contr\u00f4lable<\/strong>. Il peut poss\u00e9der en son sein des cabines de peinture (\u00e0 sec ou \u00e0 l\u2019eau), ou bien des \u00e9tablis ou des cabines de pon\u00e7age, des unit\u00e9s de pressurisation et de chauffage \u00e0 l\u2019eau chaude ou, sur demande, par le biais de br\u00fbleurs (au gaz ou au p\u00e9trole) dans une veine d\u2019air.<br \/>\nPossibilit\u00e9 de personnaliser enti\u00e8rement les dimensions et la configuration des box.<\/p>\n","protected":false},"excerpt":{"rendered":"<p>Box pressuris\u00e9e pour la peinture \/ \u00e9vaporation<\/p>\n","protected":false},"featured_media":3197,"comment_status":"closed","ping_status":"closed","template":"","meta":[],"_links":{"self":[{"href":"https:\/\/coimagroup.it\/fr\/wp-json\/wp\/v2\/product\/1563"}],"collection":[{"href":"https:\/\/coimagroup.it\/fr\/wp-json\/wp\/v2\/product"}],"about":[{"href":"https:\/\/coimagroup.it\/fr\/wp-json\/wp\/v2\/types\/product"}],"replies":[{"embeddable":true,"href":"https:\/\/coimagroup.it\/fr\/wp-json\/wp\/v2\/comments?post=1563"}],"wp:featuredmedia":[{"embeddable":true,"href":"https:\/\/coimagroup.it\/fr\/wp-json\/wp\/v2\/media\/3197"}],"wp:attachment":[{"href":"https:\/\/coimagroup.it\/fr\/wp-json\/wp\/v2\/media?parent=1563"}],"curies":[{"name":"wp","href":"https:\/\/api.w.org\/{rel}","templated":true}]}}