{"id":1564,"date":"2020-07-02T12:31:30","date_gmt":"2020-07-02T10:52:38","guid":{"rendered":"https:\/\/coimagroup.it\/prodotto\/def\/"},"modified":"2020-07-02T12:52:44","modified_gmt":"2020-07-02T10:52:44","slug":"def","status":"publish","type":"product","link":"https:\/\/coimagroup.it\/fr\/prodotto\/def\/","title":{"rendered":"DEF"},"content":{"rendered":"<p>Dispositif utilis\u00e9 pour la s\u00e9paration des particules de peinture contenues dans l\u2019eau; il est constitu\u00e9 d\u2019un r\u00e9servoir de r\u00e9action (en PVC ou en acier inoxydable) dans lequel l\u2019eau sale est mise en r\u00e9action avec un agent de floculation qui provoque l\u2019agglom\u00e9ration et la pr\u00e9cipitation des particules qui y sont contenues; les pr\u00e9cipit\u00e9s de boues sont ensuite r\u00e9colt\u00e9s dans un conteneur-sac en polypropyl\u00e8ne pr\u00e9vu \u00e0 cet effet et l\u2019eau purifi\u00e9e est remise en circulation et r\u00e9utilis\u00e9e dans la cabine de pulv\u00e9risation \u00e0 travers la pompe fournie comme accessoire.<br \/>\nCapacit\u00e9 de traitement: de 1.000 \u00e0 4.000 litres pour chaque cycle de d\u00e9cantation.<\/p>\n","protected":false},"excerpt":{"rendered":"<p>Purateur de boues<\/p>\n","protected":false},"featured_media":3218,"comment_status":"closed","ping_status":"closed","template":"","meta":[],"_links":{"self":[{"href":"https:\/\/coimagroup.it\/fr\/wp-json\/wp\/v2\/product\/1564"}],"collection":[{"href":"https:\/\/coimagroup.it\/fr\/wp-json\/wp\/v2\/product"}],"about":[{"href":"https:\/\/coimagroup.it\/fr\/wp-json\/wp\/v2\/types\/product"}],"replies":[{"embeddable":true,"href":"https:\/\/coimagroup.it\/fr\/wp-json\/wp\/v2\/comments?post=1564"}],"wp:featuredmedia":[{"embeddable":true,"href":"https:\/\/coimagroup.it\/fr\/wp-json\/wp\/v2\/media\/3218"}],"wp:attachment":[{"href":"https:\/\/coimagroup.it\/fr\/wp-json\/wp\/v2\/media?parent=1564"}],"curies":[{"name":"wp","href":"https:\/\/api.w.org\/{rel}","templated":true}]}}