{"id":1565,"date":"2020-07-02T12:31:30","date_gmt":"2020-07-02T10:52:38","guid":{"rendered":"https:\/\/coimagroup.it\/prodotto\/fca-2\/"},"modified":"2020-07-02T12:52:45","modified_gmt":"2020-07-02T10:52:45","slug":"fca-2","status":"publish","type":"product","link":"https:\/\/coimagroup.it\/fr\/prodotto\/fca-2\/","title":{"rendered":"FCA"},"content":{"rendered":"<p>Filtre permettant <strong>de diminuer les odeurs, les solvants et d\u2019autres polluants<\/strong> sous de faibles concentrations.<\/p>\n<p>R\u00e9alis\u00e9 sur mesure en t\u00f4le galvanis\u00e9e, avec des tiroirs pour contenir les charbons actifs pouvant \u00eatre ais\u00e9ment extraits pour faciliter l\u2019entretien.<\/p>\n","protected":false},"excerpt":{"rendered":"<p>Filtre aux charbons actifs<\/p>\n","protected":false},"featured_media":3204,"comment_status":"closed","ping_status":"closed","template":"","meta":[],"_links":{"self":[{"href":"https:\/\/coimagroup.it\/fr\/wp-json\/wp\/v2\/product\/1565"}],"collection":[{"href":"https:\/\/coimagroup.it\/fr\/wp-json\/wp\/v2\/product"}],"about":[{"href":"https:\/\/coimagroup.it\/fr\/wp-json\/wp\/v2\/types\/product"}],"replies":[{"embeddable":true,"href":"https:\/\/coimagroup.it\/fr\/wp-json\/wp\/v2\/comments?post=1565"}],"wp:featuredmedia":[{"embeddable":true,"href":"https:\/\/coimagroup.it\/fr\/wp-json\/wp\/v2\/media\/3204"}],"wp:attachment":[{"href":"https:\/\/coimagroup.it\/fr\/wp-json\/wp\/v2\/media?parent=1565"}],"curies":[{"name":"wp","href":"https:\/\/api.w.org\/{rel}","templated":true}]}}